{"id":957,"date":"2024-06-26T01:21:31","date_gmt":"2024-06-25T23:21:31","guid":{"rendered":"https:\/\/www.inselliebe-usedom.com\/pl\/?page_id=957"},"modified":"2025-03-27T12:07:48","modified_gmt":"2025-03-27T11:07:48","slug":"usedom-360","status":"publish","type":"page","link":"https:\/\/www.inselliebe-usedom.com\/pl\/usedom-360\/","title":{"rendered":"Usedom 360\u00b0"},"content":{"rendered":"\n<h1>Odkryj swoje wymarzone miejsce na s\u0142onecznej wyspie Uznam<\/h1>\n    <div class=\"intro\">\n        <p style=\"text-align:justify;\">Wyobra\u017a sobie, \u017ce codziennie budzisz si\u0119 w pierwszych promieniach s\u0142o\u0144ca, delikatna morska bryza wpada przez otwarte okna, a koj\u0105cy szum fal Ba\u0142tyku otula twoje zmys\u0142y. Na wyspie Uznam to marzenie staje si\u0119 rzeczywisto\u015bci\u0105. Jako jeden z najja\u015bniejszych region\u00f3w Niemiec, Uznam oferuje nie tylko nieko\u0144cz\u0105ce si\u0119 piaszczyste pla\u017ce i malownicze wybrze\u017ca, ale tak\u017ce bogat\u0105 ofert\u0119 kultury, natury i aktywno\u015bci na \u015bwie\u017cym powietrzu. W\u0142asny dom na tej urokliwej wyspie to czysta rado\u015b\u0107 \u017cycia \u2013 miejsce, w kt\u00f3rym mo\u017cna znale\u017a\u0107 zar\u00f3wno spok\u00f3j i relaks, jak i przygod\u0119 i zmienno\u015b\u0107.<\/p>\n    <\/div>\n\n    <div class=\"section\">\n        <h2>Uznam i jego bajeczne wybrze\u017ca<\/h2>\n        <p style=\"text-align:justify;\">Wyspa Uznam rozci\u0105ga si\u0119 na 445 km\u00b2 i zachwyca ponad 42 kilometrami najpi\u0119kniejszych piaszczystych pla\u017c. Ta zapieraj\u0105ca dech w piersiach linia brzegowa zaprasza nie tylko do opalania si\u0119 i p\u0142ywania, ale tak\u017ce oferuje liczne mo\u017cliwo\u015bci spacer\u00f3w, aktywno\u015bci sportowych i niezapomnianych zachod\u00f3w s\u0142o\u0144ca.<\/p>\n        \n        <h3>Kaiserb\u00e4der: elegancja spotyka tradycj\u0119<\/h3>\n        <p style=\"text-align:justify;\">S\u0142ynne Kaiserb\u00e4der Ahlbeck, Heringsdorf i Bansin s\u0105 sercem wyspy i wci\u0105\u017c emanuj\u0105 urokiem epoki z prze\u0142omu XIX i XX wieku. Przepi\u0119kne wille z ozdobnymi werandami i artystycznymi fasadami zdobi\u0105 promenady i opowiadaj\u0105 historie z dawnych czas\u00f3w. Historyczne molo w Ahlbecku, najstarsze tego typu w Niemczech, zaprasza na romantyczne spacery po morzu. <span class=\"quote\">&#8222;Kaiserb\u00e4der na Uznamie to \u017cywy \u015bwiadek wspania\u0142ej kultury k\u0105pieliskowej Ba\u0142tyku,,&#8220; pisze magazyn <i>Reise &#038; Urlaub<\/i>.<\/span><\/p>\n\n        <h3>Pi\u0119kno natury wzd\u0142u\u017c wybrze\u017ca<\/h3>\n        <p style=\"text-align:justify;\">Z dala od t\u0119tni\u0105cych \u017cyciem promenad znajduj\u0105 si\u0119 dziewicze odcinki pla\u017c i ukryte zatoczki, kt\u00f3re zapraszaj\u0105 do odpoczynku i odkrywania. Nadmorskie uzdrowisko Zinnowitz zachwyca szerok\u0105, bia\u0142\u0105 pla\u017c\u0105 oraz imponuj\u0105cym molo, kt\u00f3re oferuje wyj\u0105tkowe podwodne do\u015bwiadczenie w swojej kapsule nurkowej. Dla mi\u0142o\u015bnik\u00f3w natury Streckelsberg w Koserow to absolutny punkt obowi\u0105zkowy. Z jego 58 metr\u00f3w wysoko\u015bci roztacza si\u0119 spektakularny widok na Ba\u0142tyk i wn\u0119trze wyspy. <span class=\"quote\">&#8222;Uznam w unikalny spos\u00f3b \u0142\u0105czy \u017cywe k\u0105pieliska z cichymi naturalnymi rajami,&#8220; podkre\u015bla przewodnik turystyczny <i>Marco Polo<\/i>.<\/span><\/p>\n\n        <h3>Aktywno\u015bci nad morzem: sport i relaks<\/h3>\n        <p style=\"text-align:justify;\">Pla\u017ce Uznamu to nie tylko miejsce do odpoczynku. Mi\u0142o\u015bnicy sport\u00f3w wodnych maj\u0105 tutaj nieograniczone mo\u017cliwo\u015bci. \u017beglarstwo, surfing, kitesurfing czy stand-up paddling \u2013 opcji jest prawie niesko\u0144czono\u015b\u0107. Dla tych, kt\u00f3rzy preferuj\u0105 spokojniejsze formy aktywno\u015bci, kilometrowe promenady nadmorskie oferuj\u0105 idealne warunki do joggingu, nordic walking czy d\u0142ugich rowerowych wycieczek z widokiem na morze<\/p>\n    <\/div>\n\n    <div class=\"section\">\n        <h2>R\u00f3\u017cnorodne atrakcje w malowniczym interiorze<\/h2>\n        <p style=\"text-align:justify;\">Wn\u0119trze Uznamu niczym nie ust\u0119puje wybrze\u017cu i oczarowuje r\u00f3\u017cnorodnym krajobrazem z g\u0119stymi lasami, l\u015bni\u0105cymi jeziorami i malowniczymi wioskami. To tutaj mo\u017cna do\u015bwiadczy\u0107 prawdziwej natury i odkrywa\u0107 ukryte skarby wyspy z dala od zgie\u0142ku.<\/p>\n\n        <h3>Do\u015bwiadczenia natury i oazy spokoju<\/h3>\n        <p style=\"text-align:justify;\">Park Narodowy Wyspa Uznam rozci\u0105ga si\u0119 na du\u017cej cz\u0119\u015bci wn\u0119trza wyspy i oferuje bogat\u0105 flor\u0119 i faun\u0119. Niezale\u017cnie od tego, czy w\u0119drujesz po rezerwacie przyrody Peenem\u00fcnder Haken, obserwujesz ptaki w Achterwasser, czy p\u0142ywasz \u0142\u00f3dk\u0105 po jeziorze Schmollensee \u2013 znajdziesz tutaj relaks i poczucie jedno\u015bci z natur\u0105. <span class=\"quote\">&#8222;Interior Uznamu to raj dla mi\u0142o\u015bnik\u00f3w przyrody i os\u00f3b szukaj\u0105cych spokoju,&#8220; chwali portal <i>Natourguide<\/i>.<\/span><\/p>\n\n        <h3>Wydarzenia kulturalne i historyczne skarby<\/h3>\n        <p style=\"text-align:justify;\">Uznam ma r\u00f3wnie\u017c wiele do zaoferowania pod wzgl\u0119dem kultury. Warto odwiedzi\u0107 zamek Mellenthin, wspania\u0142y renesansowy budynek, kt\u00f3ry jest popularnym celem turystycznym z w\u0142asnym browarem i manufaktur\u0105 czekolady. Historyczna wioska rybacka Krummin zachwyca swoj\u0105 ponad 700-letni\u0105 ko\u015bcio\u0142em i urokliw\u0105 atmosfer\u0105 portow\u0105. Dla mi\u0142o\u015bnik\u00f3w techniki i historii obowi\u0105zkowym punktem jest Muzeum Techniki Historycznej w Peenem\u00fcnde, kt\u00f3re imponuj\u0105co przedstawia histori\u0119 rozwoju rakiet podczas II wojny \u015bwiatowej.<\/p>\n\n        <h3>Kulinarne przyjemno\u015bci i regionalne specja\u0142y<\/h3>\n        <p style=\"text-align:justify;\">Wyspa kusi r\u00f3wnie\u017c swoimi kulinariami. \u015awie\u017ca ryba prosto z kutra, tradycyjne pomorskie dania i wyborne wina zapraszaj\u0105 do rozkoszowania si\u0119 smakiem. Liczne sklepy wiejskie i targi oferuj\u0105 lokalne produkty, takie jak mi\u00f3d, ser i r\u0119cznie robione delikatesy. <span class=\"quote\">&#8222;Kulinarna r\u00f3\u017cnorodno\u015b\u0107 Uznamu odzwierciedla bogat\u0105 tradycj\u0119 i zwi\u0105zki z regionem,&#8220; pisze magazyn gastronomiczny  <i>Feinschmecker<\/i>.<\/span><\/p>\n\n        <h3>Idealne warunki dla rodzin z dzie\u0107mi<\/h3>\n        <p style=\"text-align:justify;\">Rodziny na Uznamie znajd\u0105 wiele atrakcji, kt\u00f3re zachwyc\u0105 dzieci i pozwol\u0105 rodzicom odpocz\u0105\u0107. Park linowy w Neu Pudagla oferuje ekscytuj\u0105ce trasy o r\u00f3\u017cnych stopniach trudno\u015bci, kt\u00f3re zapewni\u0105 przygod\u0119 w powietrzu. W farmie motyli w Trassenheide odwiedzaj\u0105cy mog\u0105 zanurzy\u0107 si\u0119 w kolorowy \u015bwiat, w kt\u00f3rym podziwia\u0107 mo\u017cna motyle z ca\u0142ego \u015bwiata. Popularnym miejscem w\u015br\u00f3d rodzin jest r\u00f3wnie\u017c Ph\u00e4nomenta w Peenem\u00fcnde \u2013 interaktywne muzeum, w kt\u00f3rym nauka jest odkrywana w zabawny spos\u00f3b. <span class=\"quote\">&#8222;Uznam to prawdziwa mekka dla rodzin,&#8220; twierdzi przewodnik turystyczny.<\/span><\/p>\n\n        <h3>Wspania\u0142e warunki dla golfist\u00f3w<\/h3>\n        <p style=\"text-align:justify;\">Golfi\u015bci r\u00f3wnie\u017c znajd\u0105 na Uznamie idealne warunki. Pole golfowe Baltic Hills w Korswandt jest jednym z najpi\u0119kniejszych w regionie i oferuje zar\u00f3wno pocz\u0105tkuj\u0105cym, jak i zaawansowanym graczom wymagaj\u0105ce do\u015bwiadczenie. 19-do\u0142kowa trasa wspaniale komponuje si\u0119 z pag\u00f3rkowatym krajobrazem, oferuj\u0105c gr\u0119 na najwy\u017cszym poziomie z przepi\u0119knym widokiem na otaczaj\u0105ce lasy i jeziora. <span class=\"quote\">&#8222;Pole golfowe na Uznamie to prawdziwa per\u0142a dla ka\u017cdego mi\u0142o\u015bnika golfa,&#8220; zachwyca si\u0119 magazyn  <i>Golf &#038; Lifestyle<\/i>.<\/span><\/p>\n    <\/div>\n\n    <div class=\"section\">\n        <h2>Podsumowanie: Tw\u00f3j dom na Uznamie \u2013 wyj\u0105tkowe poczucie \u017cycia<\/h2>\n        <p style=\"text-align:justify;\">W\u0142asny dom na Uznamie to wi\u0119cej ni\u017c tylko dom nad morzem. To styl \u017cycia, kt\u00f3ry kszta\u0142tuj\u0105 s\u0142o\u0144ce, natura i wyj\u0105tkowa jako\u015b\u0107 \u017cycia. Tutaj po\u0142\u0105czone s\u0105 zalety ekskluzywnego rajskiego miejsca wypoczynkowego z wygodami przez ca\u0142y rok. Niezale\u017cnie od tego, czy sp\u0119dzasz relaksuj\u0105ce dni na pla\u017cy, odkrywasz natur\u0119 w aktywny spos\u00f3b, czy odkrywasz kultur\u0119 \u2013 na Uznamie znajdziesz swoje osobiste rajskie miejsce.<\/p>\n        <p style=\"text-align:justify;\">Pozw\u00f3l si\u0119 oczarowa\u0107 niepowtarzaln\u0105 atmosfer\u0105 tej wyspy i spe\u0142nij swoje marzenie o w\u0142asnym domu w jednym z najpi\u0119kniejszych miejsc w Niemczech. Ch\u0119tnie pomo\u017cemy Ci znale\u017a\u0107 idealne miejsce, kt\u00f3re spe\u0142ni Twoje oczekiwania i potrzeby<\/p>\n    <\/div>\n\n    <footer>\n        <p>\u0179r\u00f3d\u0142a:<\/p>\n        <p>[1] <i>Reise &#038; Urlaub Magazin<\/i>, Ausgabe 07\/2022.<\/p>\n        <p>[2] <i>Marco Polo Reisef\u00fchrer Usedom<\/i>, 2021.<\/p>\n        <p>[3] <i>Natourguide.de<\/i> \u2013 Artikel &#8222;Die sch\u00f6nsten Naturerlebnisse auf Usedom&#8220;, 2023.<\/p>\n        <p>[4] <i>Feinschmecker Magazin<\/i>, Spezialausgabe Norddeutschland, 2022.<\/p>\n        <p>[5] <i>Familienreiseguide<\/i> \u2013 &#8222;Urlaub mit Kindern auf Usedom&#8220;, 2023.<\/p>\n        <p>[6] <i>Golf &#038; Lifestyle Magazin<\/i>, Ausgabe 05\/2023.<\/p>\n    <\/footer>\n<\/p>\n","protected":false},"excerpt":{"rendered":"<p>Odkryj swoje wymarzone miejsce na s\u0142onecznej wyspie Uznam Wyobra\u017a sobie, \u017ce codziennie budzisz si\u0119 w pierwszych promieniach s\u0142o\u0144ca, delikatna morska bryza wpada przez otwarte okna, a koj\u0105cy szum fal Ba\u0142tyku otula twoje zmys\u0142y. Na wyspie Uznam to marzenie staje si\u0119 rzeczywisto\u015bci\u0105. Jako jeden z najja\u015bniejszych region\u00f3w Niemiec, Uznam oferuje nie tylko nieko\u0144cz\u0105ce si\u0119 piaszczyste pla\u017ce [&hellip;]<\/p>\n","protected":false},"author":1,"featured_media":381,"parent":0,"menu_order":0,"comment_status":"closed","ping_status":"closed","template":"","meta":{"om_disable_all_campaigns":false,"inline_featured_image":false,"_monsterinsights_skip_tracking":false,"_monsterinsights_sitenote_active":false,"_monsterinsights_sitenote_note":"","_monsterinsights_sitenote_category":0,"_uf_show_specific_survey":0,"_uf_disable_surveys":false,"footnotes":""},"class_list":["post-957","page","type-page","status-publish","has-post-thumbnail","hentry"],"aioseo_notices":[],"jetpack_sharing_enabled":true,"_links":{"self":[{"href":"https:\/\/www.inselliebe-usedom.com\/pl\/wp-json\/wp\/v2\/pages\/957","targetHints":{"allow":["GET"]}}],"collection":[{"href":"https:\/\/www.inselliebe-usedom.com\/pl\/wp-json\/wp\/v2\/pages"}],"about":[{"href":"https:\/\/www.inselliebe-usedom.com\/pl\/wp-json\/wp\/v2\/types\/page"}],"author":[{"embeddable":true,"href":"https:\/\/www.inselliebe-usedom.com\/pl\/wp-json\/wp\/v2\/users\/1"}],"replies":[{"embeddable":true,"href":"https:\/\/www.inselliebe-usedom.com\/pl\/wp-json\/wp\/v2\/comments?post=957"}],"version-history":[{"count":6,"href":"https:\/\/www.inselliebe-usedom.com\/pl\/wp-json\/wp\/v2\/pages\/957\/revisions"}],"predecessor-version":[{"id":1288,"href":"https:\/\/www.inselliebe-usedom.com\/pl\/wp-json\/wp\/v2\/pages\/957\/revisions\/1288"}],"wp:featuredmedia":[{"embeddable":true,"href":"https:\/\/www.inselliebe-usedom.com\/pl\/wp-json\/wp\/v2\/media\/381"}],"wp:attachment":[{"href":"https:\/\/www.inselliebe-usedom.com\/pl\/wp-json\/wp\/v2\/media?parent=957"}],"curies":[{"name":"wp","href":"https:\/\/api.w.org\/{rel}","templated":true}]}}