{"id":951,"date":"2024-06-26T01:10:49","date_gmt":"2024-06-25T23:10:49","guid":{"rendered":"https:\/\/www.inselliebe-usedom.com\/pl\/?page_id=951"},"modified":"2025-03-26T17:13:00","modified_gmt":"2025-03-26T16:13:00","slug":"kachlin","status":"publish","type":"page","link":"https:\/\/www.inselliebe-usedom.com\/pl\/kachlin\/","title":{"rendered":"Kachlin"},"content":{"rendered":"<p style=\"text-align: justify;\">Na\u0142aduj swoje baterie i zrelaksuj si\u0119 w o\u015brodku wypoczynkowym Kachlin. Miejscowo\u015b\u0107 Kachlin znajduje si\u0119 nad jeziorem Kachliner See w po\u0142udniowej cz\u0119\u015bci wyspy Uznam. Zaledwie nieco ponad 100 mieszka\u0144c\u00f3w sprawia, \u017ce Kachlin jest spokojnym miejscem, kt\u00f3re po raz pierwszy historycznie zosta\u0142o wspomniane w 1251 roku i s\u0142ynie ze swojego m\u0142ynowego wodnego, urz\u0105dzenia nap\u0119dzanego wiatrem nad jeziorem Kachliner See, kt\u00f3re w 1969 roku zosta\u0142o uznane za zabytek. Dzi\u015b pe\u0142ni ono jedynie funkcj\u0119 modelu, bez znaczenia dla melioracji.<\/p>\n<p>Sp\u0119d\u017a relaksuj\u0105cy urlop na Uznamie, s\u0142onecznej wyspie. Urokliwy o\u015brodek wypoczynkowy cieszy si\u0119 du\u017c\u0105 popularno\u015bci\u0105 w\u015br\u00f3d m\u0142odszych i starszych go\u015bci. Na rozleg\u0142ym terenie o powierzchni ponad 12 000 metr\u00f3w kwadratowych powsta\u0142y 5 bli\u017aniaczych dom\u00f3w w stylu marynistycznym. O\u015brodek po\u0142o\u017cony jest w centralnej cz\u0119\u015bci Uznamu, zaledwie kilka minut samochodem od przepi\u0119knych Kurort\u00f3w Cesarza. Na miejscu znajduje si\u0119 wypo\u017cyczalnia rower\u00f3w, bezpo\u015brednio po\u0142\u0105czona z lokalnymi trasami rowerowymi, a tak\u017ce karczma i stadnina koni.<\/p>\n<p><img decoding=\"async\" data-attachment-id=\"410\" data-permalink=\"https:\/\/www.inselliebe-usedom.com\/pl\/kachlin_anlage\/\" data-orig-file=\"https:\/\/www.inselliebe-usedom.com\/pl\/wp-content\/uploads\/2024\/05\/kachlin_anlage-e1715889130823.jpg\" data-orig-size=\"786,554\" data-comments-opened=\"1\" data-image-meta=\"{&quot;aperture&quot;:&quot;0&quot;,&quot;credit&quot;:&quot;&quot;,&quot;camera&quot;:&quot;&quot;,&quot;caption&quot;:&quot;&quot;,&quot;created_timestamp&quot;:&quot;0&quot;,&quot;copyright&quot;:&quot;&quot;,&quot;focal_length&quot;:&quot;0&quot;,&quot;iso&quot;:&quot;0&quot;,&quot;shutter_speed&quot;:&quot;0&quot;,&quot;title&quot;:&quot;&quot;,&quot;orientation&quot;:&quot;0&quot;}\" data-image-title=\"kachlin_anlage\" data-image-description=\"\" data-image-caption=\"\" data-medium-file=\"https:\/\/www.inselliebe-usedom.com\/pl\/wp-content\/uploads\/2024\/05\/kachlin_anlage-e1715889130823-300x211.jpg\" data-large-file=\"https:\/\/www.inselliebe-usedom.com\/pl\/wp-content\/uploads\/2024\/05\/kachlin_anlage-1024x480.jpg\" class=\"aligncenter wp-image-410 size-large\" src=\"https:\/\/www.inselliebe-usedom.com\/pl\/wp-content\/uploads\/2024\/07\/wandern_kachlin.jpg\" alt=\"\" \/>Jezioro Kachliner See, po\u0142o\u017cone na po\u0142udniowy zach\u00f3d od Thurbruch, jest obszarem chronionym, w kt\u00f3rym wyst\u0119puj\u0105 rzadkie gatunki ptak\u00f3w i kt\u00f3ry zach\u0119ca do pieszych w\u0119dr\u00f3wek. Trasa rowerowa Usedom-Radweg zaczyna si\u0119 zaraz za o\u015brodkiem. Dwa pola golfowe na wyspie znajduj\u0105 si\u0119 w odleg\u0142o\u015bci zaledwie 15 minut jazdy samochodowej. Malownicze miejsca do k\u0105pieli w Achterwasser i Haff s\u0105 dost\u0119pne na rowerze w zaledwie kilka minut.<\/p>\n<p style=\"text-align: justify;\">Teren o\u015brodka oferuje liczne mo\u017cliwo\u015bci sp\u0119dzania wolnego czasu. Staw k\u0105pielowy zach\u0119ca do pluskania, plac zabaw z boiskami do siatk\u00f3wki pla\u017cowej oraz inne tereny zielone zapewniaj\u0105 pe\u0142n\u0105 relaksacj\u0119. Zakupy na codzienne potrzeby mo\u017cna zrobi\u0107 w Ahlbecku lub w Uznam. Supermarkety na wyspie s\u0105 otwarte r\u00f3wnie\u017c w niedziele, a restauracje czekaj\u0105 na odwiedzaj\u0105cych.<\/p>\n<p><strong>INFORMACJE TURYSTYCZNE<\/strong><br \/>\nW miejscowo\u015bci Pr\u00e4tenow, kt\u00f3ra jest cz\u0119\u015bci\u0105 gminy Dargen, najwi\u0119ksze zwierz\u0119 na \u015bwiecie, \u017cubr, ponownie znalaz\u0142o sw\u00f3j dom. Po niemal ca\u0142kowitym wygini\u0119ciu, w Polsce \u017cyje obecnie oko\u0142o 400 tych zwierz\u0105t. \u017bubry mo\u017cna podziwia\u0107 w zagrodzie, kt\u00f3ra zosta\u0142a za\u0142o\u017cona w 2004 roku w Pr\u00e4tenow, na terenie o powierzchni 6 hektar\u00f3w, i zamieszkuj\u0105 je zwierz\u0119ta z polskiego Parku Narodowego Wolin.<\/p>\n<p>Muzeum Motocykli w Dargen prezentuje motocykle, motorowery, technologi\u0119 silnik\u00f3w oraz traktory z czas\u00f3w NRD. Znajduje si\u0119 w starym budynku dworca i jest po\u015bwi\u0119cone historii technologii NRD. Opr\u00f3cz pojazd\u00f3w mo\u017cna r\u00f3wnie\u017c zobaczy\u0107 narz\u0119dzia codziennego u\u017cytku, kt\u00f3re przenosz\u0105 nas w przesz\u0142o\u015b\u0107. Wystawa obejmuje tak\u017ce pralki, trabanty, telefony i wiele innych eksponat\u00f3w.<\/p>\n<p>Ponadto w Dargen znajduje si\u0119 farma strusi, na kt\u00f3rej hodowane jest oko\u0142o 30 zwierz\u0105t. Mo\u017cna je nie tylko podziwia\u0107, ale tak\u017ce pog\u0142aska\u0107. Na farmie oferowane jest mi\u0119so strusia oraz ma\u0142e dzie\u0142a sztuki wykonane ze strusich jaj.<\/p>\n<p>Okolica Kachlin doskonale nadaje si\u0119 na d\u0142ugie spacery, na przyk\u0142ad nad Ma\u0142y Haff, do Stolpe lub do m\u0142yna wodnego nad jeziorem Kachliner See. W Thurbruch znajdowa\u0142y si\u0119 kiedy\u015b trzy takie m\u0142yny, kt\u00f3re w zale\u017cno\u015bci od pr\u0119dko\u015bci wiatru mog\u0142y pompowa\u0107 od 500 do 1500 metr\u00f3w sze\u015bciennych wody na godzin\u0119.<\/p>\n","protected":false},"excerpt":{"rendered":"<p>Na\u0142aduj swoje baterie i zrelaksuj si\u0119 w o\u015brodku wypoczynkowym Kachlin. Miejscowo\u015b\u0107 Kachlin znajduje si\u0119 nad jeziorem Kachliner See w po\u0142udniowej cz\u0119\u015bci wyspy Uznam. Zaledwie nieco ponad 100 mieszka\u0144c\u00f3w sprawia, \u017ce Kachlin jest spokojnym miejscem, kt\u00f3re po raz pierwszy historycznie zosta\u0142o wspomniane w 1251 roku i s\u0142ynie ze swojego m\u0142ynowego wodnego, urz\u0105dzenia nap\u0119dzanego wiatrem nad jeziorem [&hellip;]<\/p>\n","protected":false},"author":1,"featured_media":956,"parent":0,"menu_order":0,"comment_status":"closed","ping_status":"closed","template":"","meta":{"om_disable_all_campaigns":false,"inline_featured_image":false,"_monsterinsights_skip_tracking":false,"_monsterinsights_sitenote_active":false,"_monsterinsights_sitenote_note":"","_monsterinsights_sitenote_category":0,"_uf_show_specific_survey":0,"_uf_disable_surveys":false,"footnotes":""},"class_list":["post-951","page","type-page","status-publish","has-post-thumbnail","hentry"],"aioseo_notices":[],"jetpack_sharing_enabled":true,"_links":{"self":[{"href":"https:\/\/www.inselliebe-usedom.com\/pl\/wp-json\/wp\/v2\/pages\/951","targetHints":{"allow":["GET"]}}],"collection":[{"href":"https:\/\/www.inselliebe-usedom.com\/pl\/wp-json\/wp\/v2\/pages"}],"about":[{"href":"https:\/\/www.inselliebe-usedom.com\/pl\/wp-json\/wp\/v2\/types\/page"}],"author":[{"embeddable":true,"href":"https:\/\/www.inselliebe-usedom.com\/pl\/wp-json\/wp\/v2\/users\/1"}],"replies":[{"embeddable":true,"href":"https:\/\/www.inselliebe-usedom.com\/pl\/wp-json\/wp\/v2\/comments?post=951"}],"version-history":[{"count":7,"href":"https:\/\/www.inselliebe-usedom.com\/pl\/wp-json\/wp\/v2\/pages\/951\/revisions"}],"predecessor-version":[{"id":1284,"href":"https:\/\/www.inselliebe-usedom.com\/pl\/wp-json\/wp\/v2\/pages\/951\/revisions\/1284"}],"wp:featuredmedia":[{"embeddable":true,"href":"https:\/\/www.inselliebe-usedom.com\/pl\/wp-json\/wp\/v2\/media\/956"}],"wp:attachment":[{"href":"https:\/\/www.inselliebe-usedom.com\/pl\/wp-json\/wp\/v2\/media?parent=951"}],"curies":[{"name":"wp","href":"https:\/\/api.w.org\/{rel}","templated":true}]}}