{"id":647,"date":"2024-06-13T11:01:13","date_gmt":"2024-06-13T09:01:13","guid":{"rendered":"https:\/\/www.inselliebe-usedom.com\/pl\/?page_id=647"},"modified":"2025-03-26T17:06:07","modified_gmt":"2025-03-26T16:06:07","slug":"musterhaus","status":"publish","type":"page","link":"https:\/\/www.inselliebe-usedom.com\/pl\/musterhaus\/","title":{"rendered":"Wycieczka"},"content":{"rendered":"<h2><div\n\tid=\"maxslider-665\"\n\tclass=\"maxslider\"\n\tdata-autoslide=\"true\" data-effect=\"fade\" data-slide-speed=\"6000\" data-height=\"400\" data-height_unit=\"px\" data-navigation=\"all\" data-navigation_fg_color=\"#ffffff\" data-navigation_bg_color=\"\" data-image_size=\"maxslider_slide\" data-arrows=\"\" data-arrows_fg_color=\"#ffffff\" data-arrows_bg_color=\"\" >\n\t\t<div class=\"maxslider-slide maxslider-665-slide-0\">\n\t\t<div class=\"maxslider-slide-content maxslider-align-center maxslider-align-middle\">\n\t\t\t<div class=\"maxslider-slide-content-pad\">\n\t\t\t\t\n\t\t\t\t\n\t\t\t\t\t\t\t<\/div>\n\t\t<\/div>\n\t<\/div>\n\t<div class=\"maxslider-slide maxslider-665-slide-1\">\n\t\t<div class=\"maxslider-slide-content maxslider-align-center maxslider-align-middle\">\n\t\t\t<div class=\"maxslider-slide-content-pad\">\n\t\t\t\t\n\t\t\t\t\n\t\t\t\t\t\t\t<\/div>\n\t\t<\/div>\n\t<\/div>\n\t<div class=\"maxslider-slide maxslider-665-slide-2\">\n\t\t<div class=\"maxslider-slide-content maxslider-align-center maxslider-align-middle\">\n\t\t\t<div class=\"maxslider-slide-content-pad\">\n\t\t\t\t\n\t\t\t\t\n\t\t\t\t\t\t\t<\/div>\n\t\t<\/div>\n\t<\/div>\n\t<div class=\"maxslider-slide maxslider-665-slide-3\">\n\t\t<div class=\"maxslider-slide-content maxslider-align-center maxslider-align-middle\">\n\t\t\t<div class=\"maxslider-slide-content-pad\">\n\t\t\t\t\n\t\t\t\t\n\t\t\t\t\t\t\t<\/div>\n\t\t<\/div>\n\t<\/div>\n\t<div class=\"maxslider-slide maxslider-665-slide-4\">\n\t\t<div class=\"maxslider-slide-content maxslider-align-center maxslider-align-middle\">\n\t\t\t<div class=\"maxslider-slide-content-pad\">\n\t\t\t\t\n\t\t\t\t\n\t\t\t\t\t\t\t<\/div>\n\t\t<\/div>\n\t<\/div>\n\t<div class=\"maxslider-slide maxslider-665-slide-5\">\n\t\t<div class=\"maxslider-slide-content maxslider-align-center maxslider-align-middle\">\n\t\t\t<div class=\"maxslider-slide-content-pad\">\n\t\t\t\t\n\t\t\t\t\n\t\t\t\t\t\t\t<\/div>\n\t\t<\/div>\n\t<\/div>\n\t<div class=\"maxslider-slide maxslider-665-slide-6\">\n\t\t<div class=\"maxslider-slide-content maxslider-align-center maxslider-align-middle\">\n\t\t\t<div class=\"maxslider-slide-content-pad\">\n\t\t\t\t\n\t\t\t\t\n\t\t\t\t\t\t\t<\/div>\n\t\t<\/div>\n\t<\/div>\n\t<div class=\"maxslider-slide maxslider-665-slide-7\">\n\t\t<div class=\"maxslider-slide-content maxslider-align-center maxslider-align-middle\">\n\t\t\t<div class=\"maxslider-slide-content-pad\">\n\t\t\t\t\n\t\t\t\t\n\t\t\t\t\t\t\t<\/div>\n\t\t<\/div>\n\t<\/div>\n\t<div class=\"maxslider-slide maxslider-665-slide-8\">\n\t\t<div class=\"maxslider-slide-content maxslider-align-center maxslider-align-middle\">\n\t\t\t<div class=\"maxslider-slide-content-pad\">\n\t\t\t\t\n\t\t\t\t\n\t\t\t\t\t\t\t<\/div>\n\t\t<\/div>\n\t<\/div>\n<\/div>\n<\/h2>\n\n\n<table border=\"0\" width=\"100%\" id=\"table1\">\n\t<tr>\n\t\t<td colspan=\"3\"><h2>Witamy w Domu 5 \u2013 naszym domu pokazowym<\/h2><\/td>\n\t<\/tr>\n\t<tr>\n\t\t<td width=\"100%\" colspan=\"3\"><img loading=\"lazy\" decoding=\"async\" width=\"625\" height=\"525\" data-attachment-id=\"786\" data-permalink=\"https:\/\/www.inselliebe-usedom.com\/pl\/musterhaus\/usedom_marker\/\" data-orig-file=\"https:\/\/www.inselliebe-usedom.com\/pl\/wp-content\/uploads\/2024\/06\/usedom_marker.png\" data-orig-size=\"625,525\" data-comments-opened=\"1\" data-image-meta=\"{&quot;aperture&quot;:&quot;0&quot;,&quot;credit&quot;:&quot;&quot;,&quot;camera&quot;:&quot;&quot;,&quot;caption&quot;:&quot;&quot;,&quot;created_timestamp&quot;:&quot;0&quot;,&quot;copyright&quot;:&quot;&quot;,&quot;focal_length&quot;:&quot;0&quot;,&quot;iso&quot;:&quot;0&quot;,&quot;shutter_speed&quot;:&quot;0&quot;,&quot;title&quot;:&quot;&quot;,&quot;orientation&quot;:&quot;0&quot;}\" data-image-title=\"Kachlin auf Usedom\" data-image-description=\"\" data-image-caption=\"\" data-medium-file=\"https:\/\/www.inselliebe-usedom.com\/pl\/wp-content\/uploads\/2024\/06\/usedom_marker-300x252.png\" data-large-file=\"https:\/\/www.inselliebe-usedom.com\/pl\/wp-content\/uploads\/2024\/06\/usedom_marker.png\" class=\"alignright wp-image-786 src=\"https:\/\/www.inselliebe-usedom.com\/pl\/wp-content\/uploads\/2024\/06\/usedom_marker.png\" alt=\"\" style=\"width:300px;height:auto\" srcset=\"https:\/\/www.inselliebe-usedom.com\/pl\/wp-content\/uploads\/2024\/06\/usedom_marker.png 625w, https:\/\/www.inselliebe-usedom.com\/pl\/wp-content\/uploads\/2024\/06\/usedom_marker-300x252.png 300w\" sizes=\"auto, (max-width: 625px) 100vw, 625px\" \/>Przedstawiamy Pa\u0144stwu nasz\u0105 urokliw\u0105 po\u0142ow\u0119 bli\u017aniaka z 2 sypialniami i 2 \u0142azienkami, po\u0142o\u017con\u0105 w sercu popularnej miejscowo\u015bci wypoczynkowej Kachlin na wyspie Uznam.<\/p>\n<p>Dzi\u0119ki swojemu zapraszaj\u0105cemu wygl\u0105dowi, przestronnemu wn\u0119trzu oraz blisko\u015bci pla\u017cy i natury, ta nieruchomo\u015b\u0107 stanowi idealne po\u0142\u0105czenie komfortu i wakacyjnego klimatu.<\/p><\/td>\n\t\t\n\t<\/tr>\n\t<tr>\n\t\t<td width=\"3%\">&nbsp;<\/td>\n\t\t<td width=\"67%\"><b>DANE PODSTAWOWE<\/b><\/td>\n\t\t<td width=\"30%\">&nbsp;<\/td>\n\t<\/tr>\n\t<tr>\n\t\t<td width=\"3%\">&nbsp;<\/td>\n\t\t<td width=\"67%\" bordercolor=\"#ffffff\">\u2022\u00a0\u00a02 sypialnie, 2 \u0142azienki<br \/>\u2022\u00a0\u00a0Otwarte po\u0142\u0105czenie salonu i jadalni<br \/>\u2022\u00a0\u00a0Wysokiej jako\u015bci kuchnia z nowoczesnymi urz\u0105dzeniami<br \/>\u2022\u00a0\u00a0Prywatny taras<br \/>\u2022\u00a0\u00a0Bezpo\u015bredni dost\u0119p do teren\u00f3w zielonych i strefy wypoczynkowej<br \/>\u2022\u00a0\u00a0Plac zabaw i staw k\u0105pielowy w kompleksie<br \/>\u2022\u00a0\u00a0Prywatne miejsca parkingowe dla ka\u017cdego domu<p><br><i>Cena do uzgodnienia<\/i><\/p><\/td>\n\t\t<td width=\"30%\" align=\"right\" valign=\"bottom\">&nbsp;<\/td>\n\t<\/tr>\n        \n<\/table>\n\n\n\n<div class=\"wp-block-columns is-layout-flex wp-container-core-columns-is-layout-9d6595d7 wp-block-columns-is-layout-flex\">\n<div class=\"wp-block-column is-layout-flow wp-block-column-is-layout-flow\" style=\"flex-basis:100%\"><\/div>\n<\/div>\n\n\n\n<font size=\"4\"><b>WYCIECZKA&nbsp; 360\u00b0 &nbsp;DOMU MODELOWEGO<\/b><\/font><br><br><iframe loading=\"lazy\" width=\"600\" height=\"338\" src=\"https:\/\/my.matterport.com\/show\/?m=147U9FoJVeJ\" frameborder=\"0\" allowfullscreen allow=\"xr-spatial-tracking\"><\/iframe><p><br><\/p>\n\n\n\n<figure class=\"wp-block-gallery has-nested-images columns-default is-cropped wp-block-gallery-2 is-layout-flex wp-block-gallery-is-layout-flex\" id=\"table1\">\n<figure class=\"wp-block-image size-large\"><img loading=\"lazy\" decoding=\"async\" width=\"683\" height=\"1024\" data-attachment-id=\"1124\" data-permalink=\"https:\/\/www.inselliebe-usedom.com\/pl\/h5_erdgeschoss\/\" data-orig-file=\"https:\/\/www.inselliebe-usedom.com\/pl\/wp-content\/uploads\/2024\/07\/h5_erdgeschoss.jpg\" data-orig-size=\"1320,1980\" data-comments-opened=\"1\" data-image-meta=\"{&quot;aperture&quot;:&quot;0&quot;,&quot;credit&quot;:&quot;&quot;,&quot;camera&quot;:&quot;&quot;,&quot;caption&quot;:&quot;&quot;,&quot;created_timestamp&quot;:&quot;0&quot;,&quot;copyright&quot;:&quot;&quot;,&quot;focal_length&quot;:&quot;0&quot;,&quot;iso&quot;:&quot;0&quot;,&quot;shutter_speed&quot;:&quot;0&quot;,&quot;title&quot;:&quot;&quot;,&quot;orientation&quot;:&quot;0&quot;}\" data-image-title=\"h5_erdgeschoss\" data-image-description=\"\" data-image-caption=\"\" data-medium-file=\"https:\/\/www.inselliebe-usedom.com\/pl\/wp-content\/uploads\/2024\/07\/h5_erdgeschoss-200x300.jpg\" data-large-file=\"https:\/\/www.inselliebe-usedom.com\/pl\/wp-content\/uploads\/2024\/07\/h5_erdgeschoss-683x1024.jpg\" data-id=\"1124\" src=\"https:\/\/www.inselliebe-usedom.com\/pl\/wp-content\/uploads\/2024\/07\/h5_erdgeschoss-683x1024.jpg\" alt=\"\" class=\"wp-image-1124\" srcset=\"https:\/\/www.inselliebe-usedom.com\/pl\/wp-content\/uploads\/2024\/07\/h5_erdgeschoss-683x1024.jpg 683w, https:\/\/www.inselliebe-usedom.com\/pl\/wp-content\/uploads\/2024\/07\/h5_erdgeschoss-200x300.jpg 200w, https:\/\/www.inselliebe-usedom.com\/pl\/wp-content\/uploads\/2024\/07\/h5_erdgeschoss-768x1152.jpg 768w, https:\/\/www.inselliebe-usedom.com\/pl\/wp-content\/uploads\/2024\/07\/h5_erdgeschoss-1024x1536.jpg 1024w, https:\/\/www.inselliebe-usedom.com\/pl\/wp-content\/uploads\/2024\/07\/h5_erdgeschoss-800x1200.jpg 800w, https:\/\/www.inselliebe-usedom.com\/pl\/wp-content\/uploads\/2024\/07\/h5_erdgeschoss.jpg 1320w\" sizes=\"auto, (max-width: 683px) 100vw, 683px\" \/><\/figure>\n\n\n\n<figure class=\"wp-block-image size-large\"><img loading=\"lazy\" decoding=\"async\" width=\"683\" height=\"1024\" data-attachment-id=\"1123\" data-permalink=\"https:\/\/www.inselliebe-usedom.com\/pl\/h5_obergeschoss\/\" data-orig-file=\"https:\/\/www.inselliebe-usedom.com\/pl\/wp-content\/uploads\/2024\/07\/h5_obergeschoss.jpg\" data-orig-size=\"1320,1980\" data-comments-opened=\"1\" data-image-meta=\"{&quot;aperture&quot;:&quot;0&quot;,&quot;credit&quot;:&quot;&quot;,&quot;camera&quot;:&quot;&quot;,&quot;caption&quot;:&quot;&quot;,&quot;created_timestamp&quot;:&quot;0&quot;,&quot;copyright&quot;:&quot;&quot;,&quot;focal_length&quot;:&quot;0&quot;,&quot;iso&quot;:&quot;0&quot;,&quot;shutter_speed&quot;:&quot;0&quot;,&quot;title&quot;:&quot;&quot;,&quot;orientation&quot;:&quot;0&quot;}\" data-image-title=\"h5_obergeschoss\" data-image-description=\"\" data-image-caption=\"\" data-medium-file=\"https:\/\/www.inselliebe-usedom.com\/pl\/wp-content\/uploads\/2024\/07\/h5_obergeschoss-200x300.jpg\" data-large-file=\"https:\/\/www.inselliebe-usedom.com\/pl\/wp-content\/uploads\/2024\/07\/h5_obergeschoss-683x1024.jpg\" data-id=\"1123\" src=\"https:\/\/www.inselliebe-usedom.com\/pl\/wp-content\/uploads\/2024\/07\/h5_obergeschoss-683x1024.jpg\" alt=\"\" class=\"wp-image-1123\" srcset=\"https:\/\/www.inselliebe-usedom.com\/pl\/wp-content\/uploads\/2024\/07\/h5_obergeschoss-683x1024.jpg 683w, https:\/\/www.inselliebe-usedom.com\/pl\/wp-content\/uploads\/2024\/07\/h5_obergeschoss-200x300.jpg 200w, https:\/\/www.inselliebe-usedom.com\/pl\/wp-content\/uploads\/2024\/07\/h5_obergeschoss-768x1152.jpg 768w, https:\/\/www.inselliebe-usedom.com\/pl\/wp-content\/uploads\/2024\/07\/h5_obergeschoss-1024x1536.jpg 1024w, https:\/\/www.inselliebe-usedom.com\/pl\/wp-content\/uploads\/2024\/07\/h5_obergeschoss-800x1200.jpg 800w, https:\/\/www.inselliebe-usedom.com\/pl\/wp-content\/uploads\/2024\/07\/h5_obergeschoss.jpg 1320w\" sizes=\"auto, (max-width: 683px) 100vw, 683px\" \/><\/figure>\n\n\n\n<figure class=\"wp-block-image size-large wp-duotone-unset-1\"><img loading=\"lazy\" decoding=\"async\" width=\"744\" height=\"1024\" data-attachment-id=\"1213\" data-permalink=\"https:\/\/www.inselliebe-usedom.com\/pl\/usedom_map\/\" data-orig-file=\"https:\/\/www.inselliebe-usedom.com\/pl\/wp-content\/uploads\/2024\/07\/usedom_map.jpg\" data-orig-size=\"829,1141\" data-comments-opened=\"1\" data-image-meta=\"{&quot;aperture&quot;:&quot;0&quot;,&quot;credit&quot;:&quot;&quot;,&quot;camera&quot;:&quot;&quot;,&quot;caption&quot;:&quot;&quot;,&quot;created_timestamp&quot;:&quot;0&quot;,&quot;copyright&quot;:&quot;&quot;,&quot;focal_length&quot;:&quot;0&quot;,&quot;iso&quot;:&quot;0&quot;,&quot;shutter_speed&quot;:&quot;0&quot;,&quot;title&quot;:&quot;&quot;,&quot;orientation&quot;:&quot;0&quot;}\" data-image-title=\"usedom_map\" data-image-description=\"\" data-image-caption=\"\" data-medium-file=\"https:\/\/www.inselliebe-usedom.com\/pl\/wp-content\/uploads\/2024\/07\/usedom_map-218x300.jpg\" data-large-file=\"https:\/\/www.inselliebe-usedom.com\/pl\/wp-content\/uploads\/2024\/07\/usedom_map-744x1024.jpg\" data-id=\"1213\" src=\"https:\/\/www.inselliebe-usedom.com\/pl\/wp-content\/uploads\/2024\/07\/usedom_map-744x1024.jpg\" alt=\"\" class=\"wp-image-1213\" srcset=\"https:\/\/www.inselliebe-usedom.com\/pl\/wp-content\/uploads\/2024\/07\/usedom_map-744x1024.jpg 744w, https:\/\/www.inselliebe-usedom.com\/pl\/wp-content\/uploads\/2024\/07\/usedom_map-218x300.jpg 218w, https:\/\/www.inselliebe-usedom.com\/pl\/wp-content\/uploads\/2024\/07\/usedom_map-768x1057.jpg 768w, https:\/\/www.inselliebe-usedom.com\/pl\/wp-content\/uploads\/2024\/07\/usedom_map-800x1101.jpg 800w, https:\/\/www.inselliebe-usedom.com\/pl\/wp-content\/uploads\/2024\/07\/usedom_map.jpg 829w\" sizes=\"auto, (max-width: 744px) 100vw, 744px\" \/><\/figure>\n<\/figure>\n","protected":false},"excerpt":{"rendered":"<p>Witamy w Domu 5 \u2013 naszym domu pokazowym<\/p>\n","protected":false},"author":1,"featured_media":707,"parent":0,"menu_order":0,"comment_status":"closed","ping_status":"closed","template":"","meta":{"om_disable_all_campaigns":false,"inline_featured_image":false,"_monsterinsights_skip_tracking":false,"_monsterinsights_sitenote_active":false,"_monsterinsights_sitenote_note":"","_monsterinsights_sitenote_category":0,"_uf_show_specific_survey":0,"_uf_disable_surveys":false,"footnotes":""},"class_list":["post-647","page","type-page","status-publish","has-post-thumbnail","hentry"],"aioseo_notices":[],"jetpack_sharing_enabled":true,"_links":{"self":[{"href":"https:\/\/www.inselliebe-usedom.com\/pl\/wp-json\/wp\/v2\/pages\/647","targetHints":{"allow":["GET"]}}],"collection":[{"href":"https:\/\/www.inselliebe-usedom.com\/pl\/wp-json\/wp\/v2\/pages"}],"about":[{"href":"https:\/\/www.inselliebe-usedom.com\/pl\/wp-json\/wp\/v2\/types\/page"}],"author":[{"embeddable":true,"href":"https:\/\/www.inselliebe-usedom.com\/pl\/wp-json\/wp\/v2\/users\/1"}],"replies":[{"embeddable":true,"href":"https:\/\/www.inselliebe-usedom.com\/pl\/wp-json\/wp\/v2\/comments?post=647"}],"version-history":[{"count":88,"href":"https:\/\/www.inselliebe-usedom.com\/pl\/wp-json\/wp\/v2\/pages\/647\/revisions"}],"predecessor-version":[{"id":1282,"href":"https:\/\/www.inselliebe-usedom.com\/pl\/wp-json\/wp\/v2\/pages\/647\/revisions\/1282"}],"wp:featuredmedia":[{"embeddable":true,"href":"https:\/\/www.inselliebe-usedom.com\/pl\/wp-json\/wp\/v2\/media\/707"}],"wp:attachment":[{"href":"https:\/\/www.inselliebe-usedom.com\/pl\/wp-json\/wp\/v2\/media?parent=647"}],"curies":[{"name":"wp","href":"https:\/\/api.w.org\/{rel}","templated":true}]}}