{"id":465,"date":"2024-06-11T21:51:18","date_gmt":"2024-06-11T19:51:18","guid":{"rendered":"https:\/\/www.inselliebe-usedom.com\/pl\/?page_id=465"},"modified":"2024-07-02T01:36:25","modified_gmt":"2024-07-01T23:36:25","slug":"impressum","status":"publish","type":"page","link":"https:\/\/www.inselliebe-usedom.com\/pl\/impressum\/","title":{"rendered":"Impressum"},"content":{"rendered":"\n<h2 class=\"wp-block-heading\">Angaben gem\u00e4\u00df \u00a7 5 TMG:<\/h2>\n\n\n\n<p>DST Capital Holding GmbH<\/p>\n\n\n\n<h3 class=\"wp-block-heading\">Postanschrift:<\/h3>\n\n\n\n<p>Am Kietz 28<br>15806 Zossen<\/p>\n\n\n\n<h3 class=\"wp-block-heading\">Kontakt:<\/h3>\n\n\n\n<p>Telefon: 03377 3065797<br>Telefax: 03377 3065798<br>E-Mail: anfrage@inselliebe-usedom.com<\/p>\n\n\n\n<h3 class=\"wp-block-heading\">Vertreten durch:<\/h3>\n\n\n\n<p>Stefan Nespethal<\/p>\n\n\n\n<h3 class=\"wp-block-heading\">Eingetragen am<\/h3>\n\n\n\n<p>x&#8230;<br>Amtsgericht Potsdam HRB 37680<\/p>\n\n\n\n<h2 class=\"wp-block-heading\">Hinweise zur Website<\/h2>\n\n\n\n<h3 class=\"wp-block-heading\">Urheberrechtliche Hinweise<\/h3>\n\n\n\n<p>Adobe Stock, Henrick Holn\u00e4ck, Unsplash, Canva, Shutterstock, KI generiert \u00fcber neuroflash<\/p>\n\n\n\n<h2 class=\"wp-block-heading\">Information gem\u00e4\u00df \u00a7 36 VSBG<\/h2>\n\n\n\n<p>Gem\u00e4\u00df \u00a7 36 VSBG (Verbraucherstreitbeilegungsgesetz \u2013 Gesetz \u00fcber die alternative Streitbeilegung in Verbrauchersachen) erkl\u00e4rt der Betreiber dieser Website:<\/p>\n\n\n\n<p>Wir sind weder bereit noch verpflichtet, an Streitbeilegungsverfahren vor einer Verbraucherschlichtungsstelle teilzunehmen.<\/p>\n\n\n\n<p><em>Das Impressum wurde mit dem <a href=\"https:\/\/www.activemind.de\/datenschutz\/generatoren\/impressum\/\">Impressums-Generator der activeMind AG<\/a> erstellt.<\/em><\/p>\n","protected":false},"excerpt":{"rendered":"<p>Angaben gem\u00e4\u00df \u00a7 5 TMG: DST Capital Holding GmbH Postanschrift: Am Kietz 2815806 Zossen Kontakt: Telefon: 03377 3065797Telefax: 03377 3065798E-Mail: anfrage@inselliebe-usedom.com Vertreten durch: Stefan Nespethal Eingetragen am x&#8230;Amtsgericht Potsdam HRB 37680 Hinweise zur Website Urheberrechtliche Hinweise Adobe Stock, Henrick Holn\u00e4ck, Unsplash, Canva, Shutterstock, KI generiert \u00fcber neuroflash Information gem\u00e4\u00df \u00a7 36 VSBG Gem\u00e4\u00df \u00a7 36 [&hellip;]<\/p>\n","protected":false},"author":1,"featured_media":0,"parent":0,"menu_order":0,"comment_status":"closed","ping_status":"closed","template":"template-page-no-sidebar.php","meta":{"om_disable_all_campaigns":false,"inline_featured_image":false,"_monsterinsights_skip_tracking":false,"_monsterinsights_sitenote_active":false,"_monsterinsights_sitenote_note":"","_monsterinsights_sitenote_category":0,"_uf_show_specific_survey":0,"_uf_disable_surveys":false,"footnotes":""},"class_list":["post-465","page","type-page","status-publish","hentry"],"aioseo_notices":[],"jetpack_sharing_enabled":true,"_links":{"self":[{"href":"https:\/\/www.inselliebe-usedom.com\/pl\/wp-json\/wp\/v2\/pages\/465","targetHints":{"allow":["GET"]}}],"collection":[{"href":"https:\/\/www.inselliebe-usedom.com\/pl\/wp-json\/wp\/v2\/pages"}],"about":[{"href":"https:\/\/www.inselliebe-usedom.com\/pl\/wp-json\/wp\/v2\/types\/page"}],"author":[{"embeddable":true,"href":"https:\/\/www.inselliebe-usedom.com\/pl\/wp-json\/wp\/v2\/users\/1"}],"replies":[{"embeddable":true,"href":"https:\/\/www.inselliebe-usedom.com\/pl\/wp-json\/wp\/v2\/comments?post=465"}],"version-history":[{"count":2,"href":"https:\/\/www.inselliebe-usedom.com\/pl\/wp-json\/wp\/v2\/pages\/465\/revisions"}],"predecessor-version":[{"id":1132,"href":"https:\/\/www.inselliebe-usedom.com\/pl\/wp-json\/wp\/v2\/pages\/465\/revisions\/1132"}],"wp:attachment":[{"href":"https:\/\/www.inselliebe-usedom.com\/pl\/wp-json\/wp\/v2\/media?parent=465"}],"curies":[{"name":"wp","href":"https:\/\/api.w.org\/{rel}","templated":true}]}}