{"id":35,"date":"2018-06-28T12:16:44","date_gmt":"2018-06-28T12:16:44","guid":{"rendered":"https:\/\/themes.getmotopress.com\/mountainview\/?page_id=35"},"modified":"2025-03-26T16:53:58","modified_gmt":"2025-03-26T15:53:58","slug":"home","status":"publish","type":"page","link":"https:\/\/www.inselliebe-usedom.com\/pl\/","title":{"rendered":"Herzlich Willkommen"},"content":{"rendered":"<h2>Twoja nieruchomo\u015b\u0107 nad Ba\u0142tykiem<\/h2>\n<p style=\"text-align: justify;\"><img loading=\"lazy\" decoding=\"async\" data-attachment-id=\"410\" data-permalink=\"https:\/\/www.inselliebe-usedom.com\/pl\/kachlin_anlage\/\" data-orig-file=\"https:\/\/www.inselliebe-usedom.com\/pl\/wp-content\/uploads\/2024\/05\/kachlin_anlage-e1715889130823.jpg\" data-orig-size=\"786,554\" data-comments-opened=\"1\" data-image-meta=\"{&quot;aperture&quot;:&quot;0&quot;,&quot;credit&quot;:&quot;&quot;,&quot;camera&quot;:&quot;&quot;,&quot;caption&quot;:&quot;&quot;,&quot;created_timestamp&quot;:&quot;0&quot;,&quot;copyright&quot;:&quot;&quot;,&quot;focal_length&quot;:&quot;0&quot;,&quot;iso&quot;:&quot;0&quot;,&quot;shutter_speed&quot;:&quot;0&quot;,&quot;title&quot;:&quot;&quot;,&quot;orientation&quot;:&quot;0&quot;}\" data-image-title=\"kachlin_anlage\" data-image-description=\"\" data-image-caption=\"\" data-medium-file=\"https:\/\/www.inselliebe-usedom.com\/pl\/wp-content\/uploads\/2024\/05\/kachlin_anlage-e1715889130823-300x211.jpg\" data-large-file=\"https:\/\/www.inselliebe-usedom.com\/pl\/wp-content\/uploads\/2024\/05\/kachlin_anlage-1024x480.jpg\" class=\"alignleft wp-image-410 size-small\" src=\"https:\/\/www.inselliebe-usedom.com\/pl\/wp-content\/uploads\/2024\/06\/YS97931_web.jpg\" alt=\"\" width=\"500\" height=\"300\" \/>Wyobra\u017a sobie, \u017ce ka\u017cdego ranka cieszysz si\u0119 wschodem s\u0142o\u0144ca w swoim w\u0142asnym wakacyjnym raju na Uznamie.<\/p>\n<p style=\"text-align: justify;\">Niezale\u017cnie od tego, czy szukasz miejsca do wypoczynku, czy chcesz zamieszka\u0107 na sta\u0142e w\u015br\u00f3d dziewiczej przyrody, znajdziesz tu swoj\u0105 osobist\u0105 oaz\u0119 spokoju.<\/p>\n<p style=\"text-align: justify;\">Bezpo\u015brednia lokalizacja w sercu malowniczej okolicy gwarantuje pe\u0142ny relaks, a wysokiej jako\u015bci wyko\u0144czenie i staranna renowacja ekskluzywnych nieruchomo\u015bci z 2024 roku zapewni\u0105 stabilno\u015b\u0107 i wzrost warto\u015bci, co jest r\u00f3wnie\u017c korzystne dla inwestor\u00f3w.<\/p>\n<p style=\"text-align: justify;\">Co roku region przyci\u0105ga liczne osoby szukaj\u0105ce wypoczynku dzi\u0119ki swojej urokliwej, nietkni\u0119tej naturze oraz bogatej ofercie atrakcji rekreacyjnych i sportowych. To idealne miejsce, by odpocz\u0105\u0107, zrelaksowa\u0107 si\u0119 i pozwoli\u0107 swojej duszy odpocz\u0105\u0107 \u2013 Twoje miejsce na chwil\u0119 oddechu od codzienno\u015bci.<\/p>\n<h2>Szczeg\u00f3\u0142y nieruchomo\u015bci<\/h2>\n<table style=\"height: 60px; width: 100%; border-collapse: collapse; border-style: hidden;\">\n<tbody>\n<tr style=\"height: 60px;\">\n<td style=\"width: 5%; height: 60px; border-style: hidden;\"><\/td>\n<td style=\"width: 95%; height: 60px; border-style: hidden;\">\u2022\u00a0\u00a0Nowoczesne apartamenty w stylu marynistycznym nad Ba\u0142tykiem<br \/>\n\u2022\u00a0\u00a0Zako\u0144czenie budowy: 2024 rok<br \/>\n\u2022\u00a0\u00a06 po\u0142\u00f3wek bli\u017aniak\u00f3w (mo\u017cliwo\u015b\u0107 wynajmu turystycznego lub w\u0142asnego u\u017cytkowania)<br \/>\n\u2022\u00a0\u00a02 apartamenty (mo\u017cliwo\u015b\u0107 wynajmu turystycznego lub w\u0142asnego u\u017cytkowania)<br \/>\n\u2022\u00a0\u00a02\u20133 sypialnie, 2 \u0142azienki<br \/>\n\u2022\u00a0\u00a0Powierzchnia mieszka\u0144: od 70 m\u00b2 do 105 m\u00b2<br \/>\n\u2022\u00a0\u00a0Cena zakupu od 278.000 \u20ac<br \/>\n\u2022\u00a0\u00a0Atrakcyjna stopa zwrotu z wynajmu turystycznego<br \/>\n\u2022\u00a0\u00a0Ekskluzywne podw\u00f3jne miejsce parkingowe dla ka\u017cdej nieruchomo\u015bci<br \/>\n\u2022\u00a0 Prywatny udzia\u0142 w dzia\u0142ce: od 100 m\u00b2 do 250 m\u00b2<br \/>\n\u2022\u00a0\u00a0Wellness w cenie! 3 jednostki z saun\u0105 i kominkiem<br \/>\n\u2022\u00a0\u00a012.000 m\u00b2 strefy rekreacyjnej z jeziorem do p\u0142ywania i k\u0105pieliskami<br \/>\n\u2022\u00a0\u00a0Bogata oferta kulturalnych i sportowych atrakcji rekreacyjnych<\/td>\n<\/tr>\n<\/tbody>\n<\/table>\n","protected":false},"excerpt":{"rendered":"<p>Twoja nieruchomo\u015b\u0107 nad Ba\u0142tykiem Wyobra\u017a sobie, \u017ce ka\u017cdego ranka cieszysz si\u0119 wschodem s\u0142o\u0144ca w swoim w\u0142asnym wakacyjnym raju na Uznamie. Niezale\u017cnie od tego, czy szukasz miejsca do wypoczynku, czy chcesz zamieszka\u0107 na sta\u0142e w\u015br\u00f3d dziewiczej przyrody, znajdziesz tu swoj\u0105 osobist\u0105 oaz\u0119 spokoju. Bezpo\u015brednia lokalizacja w sercu malowniczej okolicy gwarantuje pe\u0142ny relaks, a wysokiej jako\u015bci wyko\u0144czenie [&hellip;]<\/p>\n","protected":false},"author":1,"featured_media":381,"parent":0,"menu_order":0,"comment_status":"closed","ping_status":"closed","template":"template-front-page.php","meta":{"om_disable_all_campaigns":false,"inline_featured_image":false,"_monsterinsights_skip_tracking":false,"_monsterinsights_sitenote_active":false,"_monsterinsights_sitenote_note":"","_monsterinsights_sitenote_category":0,"_uf_show_specific_survey":0,"_uf_disable_surveys":false,"footnotes":""},"class_list":["post-35","page","type-page","status-publish","has-post-thumbnail","hentry"],"aioseo_notices":[],"jetpack_sharing_enabled":true,"_links":{"self":[{"href":"https:\/\/www.inselliebe-usedom.com\/pl\/wp-json\/wp\/v2\/pages\/35","targetHints":{"allow":["GET"]}}],"collection":[{"href":"https:\/\/www.inselliebe-usedom.com\/pl\/wp-json\/wp\/v2\/pages"}],"about":[{"href":"https:\/\/www.inselliebe-usedom.com\/pl\/wp-json\/wp\/v2\/types\/page"}],"author":[{"embeddable":true,"href":"https:\/\/www.inselliebe-usedom.com\/pl\/wp-json\/wp\/v2\/users\/1"}],"replies":[{"embeddable":true,"href":"https:\/\/www.inselliebe-usedom.com\/pl\/wp-json\/wp\/v2\/comments?post=35"}],"version-history":[{"count":48,"href":"https:\/\/www.inselliebe-usedom.com\/pl\/wp-json\/wp\/v2\/pages\/35\/revisions"}],"predecessor-version":[{"id":1278,"href":"https:\/\/www.inselliebe-usedom.com\/pl\/wp-json\/wp\/v2\/pages\/35\/revisions\/1278"}],"wp:featuredmedia":[{"embeddable":true,"href":"https:\/\/www.inselliebe-usedom.com\/pl\/wp-json\/wp\/v2\/media\/381"}],"wp:attachment":[{"href":"https:\/\/www.inselliebe-usedom.com\/pl\/wp-json\/wp\/v2\/media?parent=35"}],"curies":[{"name":"wp","href":"https:\/\/api.w.org\/{rel}","templated":true}]}}