{"id":349,"date":"2018-06-28T11:59:54","date_gmt":"2018-06-28T11:59:54","guid":{"rendered":"https:\/\/themes.getmotopress.com\/mountainview\/?page_id=18"},"modified":"2025-03-27T19:20:59","modified_gmt":"2025-03-27T18:20:59","slug":"angeln","status":"publish","type":"page","link":"https:\/\/www.inselliebe-usedom.com\/pl\/home\/aktivitaten\/angeln\/","title":{"rendered":"Wyprawy w\u0119dkarskie na Ba\u0142tyk"},"content":{"rendered":"<p>Wakacje w\u0119dkarskie nad Ba\u0142tykiem to obowi\u0105zkowa atrakcja dla ka\u017cdego zapalonego w\u0119dkarza. Nad Ba\u0142tykiem mo\u017cna nie tylko doskonale wypoczywa\u0107, ale tak\u017ce odda\u0107 si\u0119 swojej ulubionej pasji.<\/p>\n<p><!--more wi\u0119cej--><\/p>\n<p>Podobnie jak na Morzu P\u00f3\u0142nocnym, Ba\u0142tyk oferuje wiele mo\u017cliwo\u015bci w\u0119dkarskich. Niezale\u017cnie od tego, czy chodzi o w\u0119dkowanie w zatokach, na pla\u017cy, na kutrze na otwartym morzu, czy o zorganizowane wyprawy w\u0119dkarskie \u2013 Ba\u0142tyk ma wiele do zaoferowania w\u0119dkarzom.<\/p>\n<p>Wody zatokowe oferuj\u0105 bogat\u0105 r\u00f3\u017cnorodno\u015b\u0107 ryb s\u0142odkowodnych i s\u0142onowodnych. W tym regionie mo\u017cna z\u0142owi\u0107 w\u0119gorze, szczupaki, \u015bledzie, trocie, fl\u0105dry i sandacze, kt\u00f3re znajduj\u0105 tu idealne warunki do \u017cycia. W dalszej cz\u0119\u015bci wybrze\u017ca, w rejonie Zalewu Szczeci\u0144skiego, wp\u0142yw s\u0142odkiej wody z Odry zapewnia idealne warunki dla leszczy, p\u0142oci i okoni. Szczeg\u00f3lnie wiosn\u0105 i jesieni\u0105, \u0142awice \u015bledzi migruj\u0105 wzd\u0142u\u017c wybrze\u017ca Ba\u0142tyku.<\/p>\n<p><img loading=\"lazy\" decoding=\"async\" data-attachment-id=\"1046\" data-permalink=\"https:\/\/www.inselliebe-usedom.com\/pl\/home\/aktivitaten\/angeln\/angel_optionen\/\" data-orig-file=\"https:\/\/www.inselliebe-usedom.com\/pl\/wp-content\/uploads\/2024\/07\/angel_optionen.jpg\" data-orig-size=\"1280,853\" data-comments-opened=\"1\" data-image-meta=\"{&quot;aperture&quot;:&quot;0&quot;,&quot;credit&quot;:&quot;&quot;,&quot;camera&quot;:&quot;&quot;,&quot;caption&quot;:&quot;&quot;,&quot;created_timestamp&quot;:&quot;0&quot;,&quot;copyright&quot;:&quot;&quot;,&quot;focal_length&quot;:&quot;0&quot;,&quot;iso&quot;:&quot;0&quot;,&quot;shutter_speed&quot;:&quot;0&quot;,&quot;title&quot;:&quot;&quot;,&quot;orientation&quot;:&quot;0&quot;}\" data-image-title=\"angel_optionen\" data-image-description=\"\" data-image-caption=\"\" data-medium-file=\"https:\/\/www.inselliebe-usedom.com\/pl\/wp-content\/uploads\/2024\/07\/angel_optionen-300x200.jpg\" data-large-file=\"https:\/\/www.inselliebe-usedom.com\/pl\/wp-content\/uploads\/2024\/07\/angel_optionen-1024x682.jpg\" class=\"aligncenter wp-image-1046\" src=\"https:\/\/www.inselliebe-usedom.com\/pl\/wp-content\/uploads\/2024\/07\/angel_optionen-300x200.jpg\" alt=\"\" width=\"800\" height=\"533\" srcset=\"https:\/\/www.inselliebe-usedom.com\/pl\/wp-content\/uploads\/2024\/07\/angel_optionen-300x200.jpg 300w, https:\/\/www.inselliebe-usedom.com\/pl\/wp-content\/uploads\/2024\/07\/angel_optionen-1024x682.jpg 1024w, https:\/\/www.inselliebe-usedom.com\/pl\/wp-content\/uploads\/2024\/07\/angel_optionen-768x512.jpg 768w, https:\/\/www.inselliebe-usedom.com\/pl\/wp-content\/uploads\/2024\/07\/angel_optionen-800x533.jpg 800w, https:\/\/www.inselliebe-usedom.com\/pl\/wp-content\/uploads\/2024\/07\/angel_optionen-924x616.jpg 924w, https:\/\/www.inselliebe-usedom.com\/pl\/wp-content\/uploads\/2024\/07\/angel_optionen-150x100.jpg 150w, https:\/\/www.inselliebe-usedom.com\/pl\/wp-content\/uploads\/2024\/07\/angel_optionen.jpg 1280w\" sizes=\"auto, (max-width: 800px) 100vw, 800px\" \/><\/p>\n<p>Do\u015bwiadczeni w\u0119dkarze oferuj\u0105 w wielu miejscach jednodniowe, nocne i wielodniowe wyprawy w\u0119dkarskie na Ba\u0142tyku. Szczeg\u00f3lnie popularne jest w\u0119dkarstwo morskie oraz w\u0119dkarstwo trollingowe. \u0141odzie i kutry s\u0105 specjalnie przystosowane do potrzeb w\u0119dkarzy. Sprz\u0119t, akcesoria mo\u017cna wypo\u017cyczy\u0107 na kutrze, przyn\u0119ty mo\u017cna naby\u0107 w jednym z wielu sklep\u00f3w w\u0119dkarskich. Wi\u0119kszo\u015b\u0107 sprzedawc\u00f3w to zapaleni w\u0119dkarze, kt\u00f3rzy ch\u0119tnie doradz\u0105 w wyborze odpowiedniego \u0142owiska i przyn\u0119t.<\/p>\n<p>Najwi\u0119ksz\u0105 przyjemno\u015b\u0107 z w\u0119dkowania zapewniaj\u0105 wyprawy z przewodnikiem. Te wycieczki oferowane s\u0105 zar\u00f3wno na Ba\u0142tyku, jak i w zatokach, zalewach i Achterwasser.<\/p>\n","protected":false},"excerpt":{"rendered":"<p>Wakacje w\u0119dkarskie nad Ba\u0142tykiem to obowi\u0105zkowa atrakcja dla ka\u017cdego zapalonego w\u0119dkarza. Nad Ba\u0142tykiem mo\u017cna nie tylko doskonale wypoczywa\u0107, ale tak\u017ce odda\u0107 si\u0119 swojej ulubionej pasji.<\/p>\n","protected":false},"author":1,"featured_media":1038,"parent":348,"menu_order":5,"comment_status":"closed","ping_status":"closed","template":"template-page-no-sidebar.php","meta":{"om_disable_all_campaigns":false,"inline_featured_image":false,"_monsterinsights_skip_tracking":false,"_monsterinsights_sitenote_active":false,"_monsterinsights_sitenote_note":"","_monsterinsights_sitenote_category":0,"_uf_show_specific_survey":0,"_uf_disable_surveys":false,"footnotes":""},"class_list":["post-349","page","type-page","status-publish","has-post-thumbnail","hentry"],"aioseo_notices":[],"jetpack_sharing_enabled":true,"_links":{"self":[{"href":"https:\/\/www.inselliebe-usedom.com\/pl\/wp-json\/wp\/v2\/pages\/349","targetHints":{"allow":["GET"]}}],"collection":[{"href":"https:\/\/www.inselliebe-usedom.com\/pl\/wp-json\/wp\/v2\/pages"}],"about":[{"href":"https:\/\/www.inselliebe-usedom.com\/pl\/wp-json\/wp\/v2\/types\/page"}],"author":[{"embeddable":true,"href":"https:\/\/www.inselliebe-usedom.com\/pl\/wp-json\/wp\/v2\/users\/1"}],"replies":[{"embeddable":true,"href":"https:\/\/www.inselliebe-usedom.com\/pl\/wp-json\/wp\/v2\/comments?post=349"}],"version-history":[{"count":9,"href":"https:\/\/www.inselliebe-usedom.com\/pl\/wp-json\/wp\/v2\/pages\/349\/revisions"}],"predecessor-version":[{"id":1302,"href":"https:\/\/www.inselliebe-usedom.com\/pl\/wp-json\/wp\/v2\/pages\/349\/revisions\/1302"}],"up":[{"embeddable":true,"href":"https:\/\/www.inselliebe-usedom.com\/pl\/wp-json\/wp\/v2\/pages\/348"}],"wp:featuredmedia":[{"embeddable":true,"href":"https:\/\/www.inselliebe-usedom.com\/pl\/wp-json\/wp\/v2\/media\/1038"}],"wp:attachment":[{"href":"https:\/\/www.inselliebe-usedom.com\/pl\/wp-json\/wp\/v2\/media?parent=349"}],"curies":[{"name":"wp","href":"https:\/\/api.w.org\/{rel}","templated":true}]}}