{"id":347,"date":"2018-06-28T11:58:14","date_gmt":"2018-06-28T11:58:14","guid":{"rendered":"https:\/\/themes.getmotopress.com\/mountainview\/?page_id=12"},"modified":"2025-03-27T18:52:42","modified_gmt":"2025-03-27T17:52:42","slug":"wassersport","status":"publish","type":"page","link":"https:\/\/www.inselliebe-usedom.com\/pl\/home\/aktivitaten\/wassersport\/","title":{"rendered":"Sporty wodne"},"content":{"rendered":"<p>Szeroki horyzont, wiatr i fale oraz cudownie \u015bwie\u017ce morskie powietrze \u2013 Morze Ba\u0142tyckie jest tak relaksuj\u0105ce i pi\u0119kne, \u017ce warto delektowa\u0107 si\u0119 ka\u017cdym oddechem! Morze Ba\u0142tyckie oferuje szereg mo\u017cliwo\u015bci mi\u0142o\u015bnikom sportu.<\/p>\n<p><!--more wi\u0119cej--><\/p>\n<h2>Wakacje nad Ba\u0142tykiem<\/h2>\n<p><img loading=\"lazy\" decoding=\"async\" data-attachment-id=\"410\" data-permalink=\"https:\/\/www.inselliebe-usedom.com\/pl\/kachlin_anlage\/\" data-orig-file=\"https:\/\/www.inselliebe-usedom.com\/pl\/wp-content\/uploads\/2024\/05\/kachlin_anlage-e1715889130823.jpg\" data-orig-size=\"786,554\" data-comments-opened=\"1\" data-image-meta=\"{&quot;aperture&quot;:&quot;0&quot;,&quot;credit&quot;:&quot;&quot;,&quot;camera&quot;:&quot;&quot;,&quot;caption&quot;:&quot;&quot;,&quot;created_timestamp&quot;:&quot;0&quot;,&quot;copyright&quot;:&quot;&quot;,&quot;focal_length&quot;:&quot;0&quot;,&quot;iso&quot;:&quot;0&quot;,&quot;shutter_speed&quot;:&quot;0&quot;,&quot;title&quot;:&quot;&quot;,&quot;orientation&quot;:&quot;0&quot;}\" data-image-title=\"kachlin_anlage\" data-image-description=\"\" data-image-caption=\"\" data-medium-file=\"https:\/\/www.inselliebe-usedom.com\/pl\/wp-content\/uploads\/2024\/05\/kachlin_anlage-e1715889130823-300x211.jpg\" data-large-file=\"https:\/\/www.inselliebe-usedom.com\/pl\/wp-content\/uploads\/2024\/05\/kachlin_anlage-1024x480.jpg\" class=\"alignleft wp-image-410 size-medium\" src=\"https:\/\/www.inselliebe-usedom.com\/pl\/wp-content\/uploads\/2024\/07\/wassersport.jpg\" alt=\"\" width=\"350\" height=\"220\" \/>Podczas gdy mi\u0142o\u015bnicy aktywnego wypoczynku ciesz\u0105 si\u0119 licznymi sportami wodnymi, k\u0105pi\u0105cy doceniaj\u0105 doskona\u0142\u0105 jako\u015b\u0107 wody.<\/p>\n<p>\u017beglarze i surferzy znajd\u0105 idealne warunki nie tylko na pla\u017cach Ba\u0142tyku, ale tak\u017ce na Achterwasser i Zatoce Szczeci\u0144skiej.<\/p>\n<p>Czasami wyspa Uznam bywa przy\u0107miewana przez swoj\u0105 p\u00f3\u0142nocn\u0105 siostr\u0119, wysp\u0119 Rugia, kt\u00f3ra jako najwi\u0119ksza niemiecka wyspa, cz\u0119sto uznawana jest za najpi\u0119kniejsz\u0105 w kraju. Jednak Uznam ma swoj\u0105 przewag\u0119: jest to najja\u015bniejsza wyspa Niemiec i dodatkowo dysponuje niezwykle pi\u0119knym krajobrazem przyrody. Niezale\u017cnie od tego, czy planujesz jednodniow\u0105 wycieczk\u0119, weekendowy wypad, czy d\u0142u\u017csz\u0105 podr\u00f3\u017c: rodzime wody oferuj\u0105 liczne malownicze trasy. Dzi\u0119ki \u201eKaiserfahrt\u201d i Peenstrom, \u017ceglarze maj\u0105 bezpo\u015bredni dost\u0119p do Ba\u0142tyku. Oczywi\u015bcie nie zapomniano r\u00f3wnie\u017c o innych sportach wodnych. Oto tylko kilka z nich, kt\u00f3re mo\u017cna uprawia\u0107 na miejscu:<\/p>\n<ul>\n<li>Windsurfing<\/li>\n<li>Kitesurfing<\/li>\n<li>\u017beglarstwo<\/li>\n<li>\u017beglarstwo katamaranem<\/li>\n<li>Nurkowanie<\/li>\n<li>Narciarstwo wodne<\/li>\n<li>Wakeboarding<\/li>\n<\/ul>\n<p>Jezioro Kachliner See, znajduj\u0105ce si\u0119 tu\u017c obok naszego o\u015brodka wypoczynkowego Kachlin, oferuje wspania\u0142y widok z wie\u017cy widokowej Sieben-Seen-Blick.<\/p>\n","protected":false},"excerpt":{"rendered":"<p>Szeroki horyzont, wiatr i fale oraz cudownie \u015bwie\u017ce morskie powietrze \u2013 Morze Ba\u0142tyckie jest tak relaksuj\u0105ce i pi\u0119kne, \u017ce warto delektowa\u0107 si\u0119 ka\u017cdym oddechem! Morze Ba\u0142tyckie oferuje szereg mo\u017cliwo\u015bci mi\u0142o\u015bnikom sportu.<\/p>\n","protected":false},"author":1,"featured_media":1014,"parent":348,"menu_order":3,"comment_status":"closed","ping_status":"closed","template":"","meta":{"om_disable_all_campaigns":false,"inline_featured_image":false,"_monsterinsights_skip_tracking":false,"_monsterinsights_sitenote_active":false,"_monsterinsights_sitenote_note":"","_monsterinsights_sitenote_category":0,"_uf_show_specific_survey":0,"_uf_disable_surveys":false,"footnotes":""},"class_list":["post-347","page","type-page","status-publish","has-post-thumbnail","hentry"],"aioseo_notices":[],"jetpack_sharing_enabled":true,"_links":{"self":[{"href":"https:\/\/www.inselliebe-usedom.com\/pl\/wp-json\/wp\/v2\/pages\/347","targetHints":{"allow":["GET"]}}],"collection":[{"href":"https:\/\/www.inselliebe-usedom.com\/pl\/wp-json\/wp\/v2\/pages"}],"about":[{"href":"https:\/\/www.inselliebe-usedom.com\/pl\/wp-json\/wp\/v2\/types\/page"}],"author":[{"embeddable":true,"href":"https:\/\/www.inselliebe-usedom.com\/pl\/wp-json\/wp\/v2\/users\/1"}],"replies":[{"embeddable":true,"href":"https:\/\/www.inselliebe-usedom.com\/pl\/wp-json\/wp\/v2\/comments?post=347"}],"version-history":[{"count":18,"href":"https:\/\/www.inselliebe-usedom.com\/pl\/wp-json\/wp\/v2\/pages\/347\/revisions"}],"predecessor-version":[{"id":1300,"href":"https:\/\/www.inselliebe-usedom.com\/pl\/wp-json\/wp\/v2\/pages\/347\/revisions\/1300"}],"up":[{"embeddable":true,"href":"https:\/\/www.inselliebe-usedom.com\/pl\/wp-json\/wp\/v2\/pages\/348"}],"wp:featuredmedia":[{"embeddable":true,"href":"https:\/\/www.inselliebe-usedom.com\/pl\/wp-json\/wp\/v2\/media\/1014"}],"wp:attachment":[{"href":"https:\/\/www.inselliebe-usedom.com\/pl\/wp-json\/wp\/v2\/media?parent=347"}],"curies":[{"name":"wp","href":"https:\/\/api.w.org\/{rel}","templated":true}]}}