{"id":346,"date":"2018-06-28T11:57:04","date_gmt":"2018-06-28T11:57:04","guid":{"rendered":"https:\/\/themes.getmotopress.com\/mountainview\/?page_id=9"},"modified":"2025-03-27T12:16:47","modified_gmt":"2025-03-27T11:16:47","slug":"radtouren","status":"publish","type":"page","link":"https:\/\/www.inselliebe-usedom.com\/pl\/home\/aktivitaten\/radtouren\/","title":{"rendered":"Wycieczki rowerowe"},"content":{"rendered":"<p>Tw\u00f3j dom wakacyjny to idealna baza wypadowa na rowerow\u0105 przygod\u0119. Wok\u00f3\u0142 Kachlin znajdziesz trasy rowerowe na ca\u0142ym Uznamie, kt\u00f3re s\u0105 odpowiednie zar\u00f3wno dla doros\u0142ych, jak i dzieci. Poczuj przestronno\u015b\u0107 i oddychaj wolno\u015bci\u0105.<\/p>\n<p><!--more wi\u0119cej--><\/p>\n<p>Dzi\u0119ki kr\u00f3tkim dystansom i nietkni\u0119tej naturze, wyspa Uznam stanowi idealne miejsce na rowerowy urlop. Czysta przyjemno\u015b\u0107 obcowania z natur\u0105, po\u0142\u0105czona z ruchem i relaksem na rowerowych \u015bcie\u017ckach wzd\u0142u\u017c wybrze\u017ca. Na Uznamie znajduje si\u0119 ponad 200 km wyznaczonych \u015bcie\u017cek rowerowych, g\u0142\u00f3wnie wzd\u0142u\u017c wybrze\u017ca, ale tak\u017ce w innych cz\u0119\u015bciach wyspy. Wskocz na rower i odkryj Uznam w najbardziej intensywny spos\u00f3b!<\/p>\n<div class=\"tiled-gallery type-rectangular tiled-gallery-unresized\" data-original-width=\"800\" data-carousel-extra='{&quot;blog_id&quot;:1,&quot;permalink&quot;:&quot;https:\\\/\\\/www.inselliebe-usedom.com\\\/pl\\\/home\\\/aktivitaten\\\/radtouren\\\/&quot;,&quot;likes_blog_id&quot;:242990109}' itemscope itemtype=\"http:\/\/schema.org\/ImageGallery\" > <div class=\"gallery-row\" style=\"width: 800px; height: 533px;\" data-original-width=\"800\" data-original-height=\"533\" > <div class=\"gallery-group images-1\" style=\"width: 533px; height: 533px;\" data-original-width=\"533\" data-original-height=\"533\" > <div class=\"tiled-gallery-item tiled-gallery-item-large\" itemprop=\"associatedMedia\" itemscope itemtype=\"http:\/\/schema.org\/ImageObject\"> <a href=\"https:\/\/www.inselliebe-usedom.com\/pl\/home\/aktivitaten\/radtouren\/radtour1\/\" border=\"0\" itemprop=\"url\"> <meta itemprop=\"width\" content=\"529\"> <meta itemprop=\"height\" content=\"529\"> <img decoding=\"async\" class=\"\" data-attachment-id=\"1002\" data-orig-file=\"https:\/\/www.inselliebe-usedom.com\/pl\/wp-content\/uploads\/2024\/06\/radtour1.jpg\" data-orig-size=\"835,835\" data-comments-opened=\"1\" data-image-meta=\"{&quot;aperture&quot;:&quot;0&quot;,&quot;credit&quot;:&quot;&quot;,&quot;camera&quot;:&quot;&quot;,&quot;caption&quot;:&quot;&quot;,&quot;created_timestamp&quot;:&quot;0&quot;,&quot;copyright&quot;:&quot;&quot;,&quot;focal_length&quot;:&quot;0&quot;,&quot;iso&quot;:&quot;0&quot;,&quot;shutter_speed&quot;:&quot;0&quot;,&quot;title&quot;:&quot;&quot;,&quot;orientation&quot;:&quot;0&quot;}\" data-image-title=\"radtour1\" data-image-description=\"\" data-medium-file=\"https:\/\/www.inselliebe-usedom.com\/pl\/wp-content\/uploads\/2024\/06\/radtour1-300x300.jpg\" data-large-file=\"https:\/\/www.inselliebe-usedom.com\/pl\/wp-content\/uploads\/2024\/06\/radtour1.jpg\" src=\"https:\/\/i0.wp.com\/www.inselliebe-usedom.com\/pl\/wp-content\/uploads\/2024\/06\/radtour1.jpg?w=529&#038;h=529&#038;crop=1&#038;ssl=1\" srcset=\"https:\/\/www.inselliebe-usedom.com\/pl\/wp-content\/uploads\/2024\/06\/radtour1.jpg 835w, https:\/\/www.inselliebe-usedom.com\/pl\/wp-content\/uploads\/2024\/06\/radtour1-300x300.jpg 300w, https:\/\/www.inselliebe-usedom.com\/pl\/wp-content\/uploads\/2024\/06\/radtour1-150x150.jpg 150w, https:\/\/www.inselliebe-usedom.com\/pl\/wp-content\/uploads\/2024\/06\/radtour1-768x768.jpg 768w, https:\/\/www.inselliebe-usedom.com\/pl\/wp-content\/uploads\/2024\/06\/radtour1-800x800.jpg 800w\" width=\"529\" height=\"529\" loading=\"lazy\" data-original-width=\"529\" data-original-height=\"529\" itemprop=\"http:\/\/schema.org\/image\" title=\"radtour1\" alt=\"radtour1\" style=\"width: 529px; height: 529px;\" \/> <\/a> <\/div> <\/div> <!-- close group --> <div class=\"gallery-group images-2\" style=\"width: 267px; height: 533px;\" data-original-width=\"267\" data-original-height=\"533\" > <div class=\"tiled-gallery-item tiled-gallery-item-large\" itemprop=\"associatedMedia\" itemscope itemtype=\"http:\/\/schema.org\/ImageObject\"> <a href=\"https:\/\/www.inselliebe-usedom.com\/pl\/home\/galerie\/gallery_11\/\" border=\"0\" itemprop=\"url\"> <meta itemprop=\"width\" content=\"263\"> <meta itemprop=\"height\" content=\"263\"> <img decoding=\"async\" class=\"\" data-attachment-id=\"85\" data-orig-file=\"https:\/\/www.inselliebe-usedom.com\/pl\/wp-content\/uploads\/2018\/07\/gallery_11.jpg\" data-orig-size=\"1280,1280\" data-comments-opened=\"1\" data-image-meta=\"{&quot;aperture&quot;:&quot;0&quot;,&quot;credit&quot;:&quot;&quot;,&quot;camera&quot;:&quot;&quot;,&quot;caption&quot;:&quot;&quot;,&quot;created_timestamp&quot;:&quot;0&quot;,&quot;copyright&quot;:&quot;&quot;,&quot;focal_length&quot;:&quot;0&quot;,&quot;iso&quot;:&quot;0&quot;,&quot;shutter_speed&quot;:&quot;0&quot;,&quot;title&quot;:&quot;&quot;,&quot;orientation&quot;:&quot;0&quot;}\" data-image-title=\"gallery_11\" data-image-description=\"\" data-medium-file=\"https:\/\/www.inselliebe-usedom.com\/pl\/wp-content\/uploads\/2018\/07\/gallery_11-300x300.jpg\" data-large-file=\"https:\/\/www.inselliebe-usedom.com\/pl\/wp-content\/uploads\/2018\/07\/gallery_11-1024x1024.jpg\" src=\"https:\/\/i0.wp.com\/www.inselliebe-usedom.com\/pl\/wp-content\/uploads\/2018\/07\/gallery_11.jpg?w=263&#038;h=263&#038;crop=1&#038;ssl=1\" srcset=\"https:\/\/www.inselliebe-usedom.com\/pl\/wp-content\/uploads\/2018\/07\/gallery_11.jpg 1280w, https:\/\/www.inselliebe-usedom.com\/pl\/wp-content\/uploads\/2018\/07\/gallery_11-300x300.jpg 300w, https:\/\/www.inselliebe-usedom.com\/pl\/wp-content\/uploads\/2018\/07\/gallery_11-1024x1024.jpg 1024w, https:\/\/www.inselliebe-usedom.com\/pl\/wp-content\/uploads\/2018\/07\/gallery_11-150x150.jpg 150w, https:\/\/www.inselliebe-usedom.com\/pl\/wp-content\/uploads\/2018\/07\/gallery_11-768x768.jpg 768w, https:\/\/www.inselliebe-usedom.com\/pl\/wp-content\/uploads\/2018\/07\/gallery_11-800x800.jpg 800w\" width=\"263\" height=\"263\" loading=\"lazy\" data-original-width=\"263\" data-original-height=\"263\" itemprop=\"http:\/\/schema.org\/image\" title=\"gallery_11\" alt=\"gallery_11\" style=\"width: 263px; height: 263px;\" \/> <\/a> <\/div> <div class=\"tiled-gallery-item tiled-gallery-item-large\" itemprop=\"associatedMedia\" itemscope itemtype=\"http:\/\/schema.org\/ImageObject\"> <a href=\"https:\/\/www.inselliebe-usedom.com\/pl\/home\/galerie\/gallery_09\/\" border=\"0\" itemprop=\"url\"> <meta itemprop=\"width\" content=\"263\"> <meta itemprop=\"height\" content=\"262\"> <img decoding=\"async\" class=\"\" data-attachment-id=\"83\" data-orig-file=\"https:\/\/www.inselliebe-usedom.com\/pl\/wp-content\/uploads\/2018\/07\/gallery_09.jpg\" data-orig-size=\"1280,1280\" data-comments-opened=\"1\" data-image-meta=\"{&quot;aperture&quot;:&quot;0&quot;,&quot;credit&quot;:&quot;&quot;,&quot;camera&quot;:&quot;&quot;,&quot;caption&quot;:&quot;&quot;,&quot;created_timestamp&quot;:&quot;0&quot;,&quot;copyright&quot;:&quot;&quot;,&quot;focal_length&quot;:&quot;0&quot;,&quot;iso&quot;:&quot;0&quot;,&quot;shutter_speed&quot;:&quot;0&quot;,&quot;title&quot;:&quot;&quot;,&quot;orientation&quot;:&quot;0&quot;}\" data-image-title=\"gallery_09\" data-image-description=\"\" data-medium-file=\"https:\/\/www.inselliebe-usedom.com\/pl\/wp-content\/uploads\/2018\/07\/gallery_09-300x300.jpg\" data-large-file=\"https:\/\/www.inselliebe-usedom.com\/pl\/wp-content\/uploads\/2018\/07\/gallery_09-1024x1024.jpg\" src=\"https:\/\/i0.wp.com\/www.inselliebe-usedom.com\/pl\/wp-content\/uploads\/2018\/07\/gallery_09.jpg?w=263&#038;h=262&#038;ssl=1\" srcset=\"https:\/\/www.inselliebe-usedom.com\/pl\/wp-content\/uploads\/2018\/07\/gallery_09.jpg 1280w, https:\/\/www.inselliebe-usedom.com\/pl\/wp-content\/uploads\/2018\/07\/gallery_09-300x300.jpg 300w, https:\/\/www.inselliebe-usedom.com\/pl\/wp-content\/uploads\/2018\/07\/gallery_09-1024x1024.jpg 1024w, https:\/\/www.inselliebe-usedom.com\/pl\/wp-content\/uploads\/2018\/07\/gallery_09-150x150.jpg 150w, https:\/\/www.inselliebe-usedom.com\/pl\/wp-content\/uploads\/2018\/07\/gallery_09-768x768.jpg 768w, https:\/\/www.inselliebe-usedom.com\/pl\/wp-content\/uploads\/2018\/07\/gallery_09-800x800.jpg 800w\" width=\"263\" height=\"262\" loading=\"lazy\" data-original-width=\"263\" data-original-height=\"262\" itemprop=\"http:\/\/schema.org\/image\" title=\"gallery_09\" alt=\"gallery_09\" style=\"width: 263px; height: 262px;\" \/> <\/a> <\/div> <\/div> <!-- close group --> <\/div> <!-- close row --> <div class=\"gallery-row\" style=\"width: 800px; height: 229px;\" data-original-width=\"800\" data-original-height=\"229\" > <div class=\"gallery-group images-1\" style=\"width: 229px; height: 229px;\" data-original-width=\"229\" data-original-height=\"229\" > <div class=\"tiled-gallery-item tiled-gallery-item-small\" itemprop=\"associatedMedia\" itemscope itemtype=\"http:\/\/schema.org\/ImageObject\"> <a href=\"https:\/\/www.inselliebe-usedom.com\/pl\/home\/galerie\/gallery_04\/\" border=\"0\" itemprop=\"url\"> <meta itemprop=\"width\" content=\"225\"> <meta itemprop=\"height\" content=\"225\"> <img decoding=\"async\" class=\"\" data-attachment-id=\"78\" data-orig-file=\"https:\/\/www.inselliebe-usedom.com\/pl\/wp-content\/uploads\/2018\/07\/gallery_04.jpg\" data-orig-size=\"1280,1280\" data-comments-opened=\"1\" data-image-meta=\"{&quot;aperture&quot;:&quot;0&quot;,&quot;credit&quot;:&quot;&quot;,&quot;camera&quot;:&quot;&quot;,&quot;caption&quot;:&quot;&quot;,&quot;created_timestamp&quot;:&quot;0&quot;,&quot;copyright&quot;:&quot;&quot;,&quot;focal_length&quot;:&quot;0&quot;,&quot;iso&quot;:&quot;0&quot;,&quot;shutter_speed&quot;:&quot;0&quot;,&quot;title&quot;:&quot;&quot;,&quot;orientation&quot;:&quot;0&quot;}\" data-image-title=\"gallery_04\" data-image-description=\"\" data-medium-file=\"https:\/\/www.inselliebe-usedom.com\/pl\/wp-content\/uploads\/2018\/07\/gallery_04-300x300.jpg\" data-large-file=\"https:\/\/www.inselliebe-usedom.com\/pl\/wp-content\/uploads\/2018\/07\/gallery_04-1024x1024.jpg\" src=\"https:\/\/i0.wp.com\/www.inselliebe-usedom.com\/pl\/wp-content\/uploads\/2018\/07\/gallery_04.jpg?w=225&#038;h=225&#038;crop=1&#038;ssl=1\" srcset=\"https:\/\/www.inselliebe-usedom.com\/pl\/wp-content\/uploads\/2018\/07\/gallery_04.jpg 1280w, https:\/\/www.inselliebe-usedom.com\/pl\/wp-content\/uploads\/2018\/07\/gallery_04-300x300.jpg 300w, https:\/\/www.inselliebe-usedom.com\/pl\/wp-content\/uploads\/2018\/07\/gallery_04-1024x1024.jpg 1024w, https:\/\/www.inselliebe-usedom.com\/pl\/wp-content\/uploads\/2018\/07\/gallery_04-150x150.jpg 150w, https:\/\/www.inselliebe-usedom.com\/pl\/wp-content\/uploads\/2018\/07\/gallery_04-768x768.jpg 768w, https:\/\/www.inselliebe-usedom.com\/pl\/wp-content\/uploads\/2018\/07\/gallery_04-800x800.jpg 800w\" width=\"225\" height=\"225\" loading=\"lazy\" data-original-width=\"225\" data-original-height=\"225\" itemprop=\"http:\/\/schema.org\/image\" title=\"gallery_04\" alt=\"gallery_04\" style=\"width: 225px; height: 225px;\" \/> <\/a> <\/div> <\/div> <!-- close group --> <div class=\"gallery-group images-1\" style=\"width: 342px; height: 229px;\" data-original-width=\"342\" data-original-height=\"229\" > <div class=\"tiled-gallery-item tiled-gallery-item-large\" itemprop=\"associatedMedia\" itemscope itemtype=\"http:\/\/schema.org\/ImageObject\"> <a href=\"https:\/\/www.inselliebe-usedom.com\/pl\/save-queuing-for-major-attractions-book-tours-in-advance\/blog_05\/\" border=\"0\" itemprop=\"url\"> <meta itemprop=\"width\" content=\"338\"> <meta itemprop=\"height\" content=\"225\"> <img decoding=\"async\" class=\"\" data-attachment-id=\"148\" data-orig-file=\"https:\/\/www.inselliebe-usedom.com\/pl\/wp-content\/uploads\/2018\/07\/blog_05.jpg\" data-orig-size=\"1516,1007\" data-comments-opened=\"1\" data-image-meta=\"{&quot;aperture&quot;:&quot;0&quot;,&quot;credit&quot;:&quot;&quot;,&quot;camera&quot;:&quot;&quot;,&quot;caption&quot;:&quot;&quot;,&quot;created_timestamp&quot;:&quot;0&quot;,&quot;copyright&quot;:&quot;&quot;,&quot;focal_length&quot;:&quot;0&quot;,&quot;iso&quot;:&quot;0&quot;,&quot;shutter_speed&quot;:&quot;0&quot;,&quot;title&quot;:&quot;&quot;,&quot;orientation&quot;:&quot;0&quot;}\" data-image-title=\"blog_05\" data-image-description=\"\" data-medium-file=\"https:\/\/www.inselliebe-usedom.com\/pl\/wp-content\/uploads\/2018\/07\/blog_05-300x199.jpg\" data-large-file=\"https:\/\/www.inselliebe-usedom.com\/pl\/wp-content\/uploads\/2018\/07\/blog_05-1024x680.jpg\" src=\"https:\/\/i0.wp.com\/www.inselliebe-usedom.com\/pl\/wp-content\/uploads\/2018\/07\/blog_05.jpg?w=338&#038;h=225&#038;ssl=1\" srcset=\"https:\/\/www.inselliebe-usedom.com\/pl\/wp-content\/uploads\/2018\/07\/blog_05.jpg 1516w, https:\/\/www.inselliebe-usedom.com\/pl\/wp-content\/uploads\/2018\/07\/blog_05-300x199.jpg 300w, https:\/\/www.inselliebe-usedom.com\/pl\/wp-content\/uploads\/2018\/07\/blog_05-1024x680.jpg 1024w, https:\/\/www.inselliebe-usedom.com\/pl\/wp-content\/uploads\/2018\/07\/blog_05-768x510.jpg 768w, https:\/\/www.inselliebe-usedom.com\/pl\/wp-content\/uploads\/2018\/07\/blog_05-800x531.jpg 800w, https:\/\/www.inselliebe-usedom.com\/pl\/wp-content\/uploads\/2018\/07\/blog_05-924x616.jpg 924w, https:\/\/www.inselliebe-usedom.com\/pl\/wp-content\/uploads\/2018\/07\/blog_05-150x100.jpg 150w\" width=\"338\" height=\"225\" loading=\"lazy\" data-original-width=\"338\" data-original-height=\"225\" itemprop=\"http:\/\/schema.org\/image\" title=\"blog_05\" alt=\"blog_05\" style=\"width: 338px; height: 225px;\" \/> <\/a> <\/div> <\/div> <!-- close group --> <div class=\"gallery-group images-1\" style=\"width: 229px; height: 229px;\" data-original-width=\"229\" data-original-height=\"229\" > <div class=\"tiled-gallery-item tiled-gallery-item-small\" itemprop=\"associatedMedia\" itemscope itemtype=\"http:\/\/schema.org\/ImageObject\"> <a href=\"https:\/\/www.inselliebe-usedom.com\/pl\/home\/galerie\/gallery_02\/\" border=\"0\" itemprop=\"url\"> <meta itemprop=\"width\" content=\"225\"> <meta itemprop=\"height\" content=\"225\"> <img decoding=\"async\" class=\"\" data-attachment-id=\"76\" data-orig-file=\"https:\/\/www.inselliebe-usedom.com\/pl\/wp-content\/uploads\/2018\/07\/gallery_02.jpg\" data-orig-size=\"1280,1280\" data-comments-opened=\"1\" data-image-meta=\"{&quot;aperture&quot;:&quot;0&quot;,&quot;credit&quot;:&quot;&quot;,&quot;camera&quot;:&quot;&quot;,&quot;caption&quot;:&quot;&quot;,&quot;created_timestamp&quot;:&quot;0&quot;,&quot;copyright&quot;:&quot;&quot;,&quot;focal_length&quot;:&quot;0&quot;,&quot;iso&quot;:&quot;0&quot;,&quot;shutter_speed&quot;:&quot;0&quot;,&quot;title&quot;:&quot;&quot;,&quot;orientation&quot;:&quot;0&quot;}\" data-image-title=\"gallery_02\" data-image-description=\"\" data-medium-file=\"https:\/\/www.inselliebe-usedom.com\/pl\/wp-content\/uploads\/2018\/07\/gallery_02-300x300.jpg\" data-large-file=\"https:\/\/www.inselliebe-usedom.com\/pl\/wp-content\/uploads\/2018\/07\/gallery_02-1024x1024.jpg\" src=\"https:\/\/i0.wp.com\/www.inselliebe-usedom.com\/pl\/wp-content\/uploads\/2018\/07\/gallery_02.jpg?w=225&#038;h=225&#038;crop=1&#038;ssl=1\" srcset=\"https:\/\/www.inselliebe-usedom.com\/pl\/wp-content\/uploads\/2018\/07\/gallery_02.jpg 1280w, https:\/\/www.inselliebe-usedom.com\/pl\/wp-content\/uploads\/2018\/07\/gallery_02-300x300.jpg 300w, https:\/\/www.inselliebe-usedom.com\/pl\/wp-content\/uploads\/2018\/07\/gallery_02-1024x1024.jpg 1024w, https:\/\/www.inselliebe-usedom.com\/pl\/wp-content\/uploads\/2018\/07\/gallery_02-150x150.jpg 150w, https:\/\/www.inselliebe-usedom.com\/pl\/wp-content\/uploads\/2018\/07\/gallery_02-768x768.jpg 768w, https:\/\/www.inselliebe-usedom.com\/pl\/wp-content\/uploads\/2018\/07\/gallery_02-800x800.jpg 800w\" width=\"225\" height=\"225\" loading=\"lazy\" data-original-width=\"225\" data-original-height=\"225\" itemprop=\"http:\/\/schema.org\/image\" title=\"gallery_02\" alt=\"gallery_02\" style=\"width: 225px; height: 225px;\" \/> <\/a> <\/div> <\/div> <!-- close group --> <\/div> <!-- close row --> <\/div>\n<p>Po\u0142\u0105czcie wycieczki rowerowe. Szcz\u0119\u015bliwe dzieci kopi\u0105 w drobnym piasku, podczas gdy ich zrelaksowani rodzice podziwiaj\u0105 widok na Morze Ba\u0142tyckie. Poniewa\u017c drogi rowerowe na Uznamie maj\u0105 tylko niewielkie wyniesienia, musisz pokona\u0107 maksymalnie 60 metr\u00f3w wzniesienia. Silny przeciwny wiatr mo\u017ce czasem sprawi\u0107, \u017ce b\u0119dziesz musia\u0142 mocniej peda\u0142owa\u0107. Jednak wysi\u0142ek si\u0119 op\u0142aca: Usedom oferuje tak wiele pi\u0119knych widok\u00f3w! Mijaj\u0105c stare wiatraki, imponuj\u0105ce wille k\u0105pielowe i urokliwe rybackie wioski \u2013 rowerem mo\u017cna dotrze\u0107 niemal do wszystkich atrakcji wyspy. Rodzinna wycieczka rowerowa wzd\u0142u\u017c Ba\u0142tyku zapewnia beztroskie dni wakacyjne zar\u00f3wno dla dzieci, jak i doros\u0142ych.<\/p>\n","protected":false},"excerpt":{"rendered":"<p>Tw\u00f3j dom wakacyjny to idealna baza wypadowa na rowerow\u0105 przygod\u0119. Wok\u00f3\u0142 Kachlin znajdziesz trasy rowerowe na ca\u0142ym Uznamie, kt\u00f3re s\u0105 odpowiednie zar\u00f3wno dla doros\u0142ych, jak i dzieci. Poczuj przestronno\u015b\u0107 i oddychaj wolno\u015bci\u0105.<\/p>\n","protected":false},"author":1,"featured_media":995,"parent":348,"menu_order":2,"comment_status":"closed","ping_status":"closed","template":"template-page-no-sidebar.php","meta":{"om_disable_all_campaigns":false,"inline_featured_image":false,"_monsterinsights_skip_tracking":false,"_monsterinsights_sitenote_active":false,"_monsterinsights_sitenote_note":"","_monsterinsights_sitenote_category":0,"_uf_show_specific_survey":0,"_uf_disable_surveys":false,"footnotes":""},"class_list":["post-346","page","type-page","status-publish","has-post-thumbnail","hentry"],"aioseo_notices":[],"jetpack_sharing_enabled":true,"_links":{"self":[{"href":"https:\/\/www.inselliebe-usedom.com\/pl\/wp-json\/wp\/v2\/pages\/346","targetHints":{"allow":["GET"]}}],"collection":[{"href":"https:\/\/www.inselliebe-usedom.com\/pl\/wp-json\/wp\/v2\/pages"}],"about":[{"href":"https:\/\/www.inselliebe-usedom.com\/pl\/wp-json\/wp\/v2\/types\/page"}],"author":[{"embeddable":true,"href":"https:\/\/www.inselliebe-usedom.com\/pl\/wp-json\/wp\/v2\/users\/1"}],"replies":[{"embeddable":true,"href":"https:\/\/www.inselliebe-usedom.com\/pl\/wp-json\/wp\/v2\/comments?post=346"}],"version-history":[{"count":8,"href":"https:\/\/www.inselliebe-usedom.com\/pl\/wp-json\/wp\/v2\/pages\/346\/revisions"}],"predecessor-version":[{"id":1292,"href":"https:\/\/www.inselliebe-usedom.com\/pl\/wp-json\/wp\/v2\/pages\/346\/revisions\/1292"}],"up":[{"embeddable":true,"href":"https:\/\/www.inselliebe-usedom.com\/pl\/wp-json\/wp\/v2\/pages\/348"}],"wp:featuredmedia":[{"embeddable":true,"href":"https:\/\/www.inselliebe-usedom.com\/pl\/wp-json\/wp\/v2\/media\/995"}],"wp:attachment":[{"href":"https:\/\/www.inselliebe-usedom.com\/pl\/wp-json\/wp\/v2\/media?parent=346"}],"curies":[{"name":"wp","href":"https:\/\/api.w.org\/{rel}","templated":true}]}}