{"id":289,"date":"2018-07-03T13:52:14","date_gmt":"2018-07-03T13:52:14","guid":{"rendered":"https:\/\/themes.getmotopress.com\/mountainview\/?page_id=289"},"modified":"2025-03-27T12:25:32","modified_gmt":"2025-03-27T11:25:32","slug":"golfen-auf-usedom","status":"publish","type":"page","link":"https:\/\/www.inselliebe-usedom.com\/pl\/home\/aktivitaten\/golfen-auf-usedom\/","title":{"rendered":"Gra w golfa na wyspie Uznam"},"content":{"rendered":"<p>Plusem struktury golfowej na Uznamie nie s\u0105 typowe kluby. Na wyspie Uznam nacisk po\u0142o\u017cony jest na golf jako dzia\u0142alno\u015b\u0107 turystyczn\u0105. Obecnie na wyspie znajduj\u0105 si\u0119 dwa pola golfowe, liczne pola do minigolfa oraz pole \u201eSwinGolf\u201d.<\/p>\n<p><!--more wi\u0119cej--><\/p>\n\n\n<table border=\"0\" width=\"100%\" id=\"table1\">\n\t<tr>\n\t\t<td colspan=\"3\"><h2>BALTIC HILLS UZNAM<\/h2><\/td>\n\t<\/tr>\n\t<tr>\n\t\t<td width=\"100%\" colspan=\"3\"><img decoding=\"async\" class=\"alignright\" src=\"https:\/\/www.inselliebe-usedom.com\/pl\/wp-content\/uploads\/2024\/06\/baltic_hills.jpg\" alt=\"\" style=\"width:300px;height:auto\"\/>Pole golfowe Baltic Hills oferuje ka\u017cdemu golfi\u015bcie \u2013 zainteresowanemu, pocz\u0105tkuj\u0105cemu, zaawansowanemu i profesjonalistowi \u2013 mo\u017cliwo\u015b\u0107 rozegrania relaksuj\u0105cej rundy na 18 lub 9 do\u0142kach. Wszystkich golfist\u00f3w, kt\u00f3rzy wol\u0105 co\u015b bardziej ekscytuj\u0105cego, zapraszamy do wzi\u0119cia udzia\u0142u w naszych turniejach.<\/p><p>Pole golfowe Links-Course, zaprojektowane przez architekta pola golfowego Andreasa Lukascha, charakteryzuje si\u0119 nowoczesnym designem i zapewnia mn\u00f3stwo zabawy golfistom na ka\u017cdym poziomie umiej\u0119tno\u015bci.<\/p><p>Je\u015bli nie masz \u017cadnego do\u015bwiadczenia w golfie lub po prostu chcesz si\u0119 udoskonali\u0107, mo\u017cesz zapisa\u0107 si\u0119 na kurs w szkole golfowej lub po\u0107wiczy\u0107 na Driving Range. Nasi instruktorzy zawodowi i golfowi ch\u0119tnie udziel\u0105 Ci wskaz\u00f3wek i wskaz\u00f3wek.<\/p><p><b><u>Dane kontaktowe<\/u><\/b><br>Tel. 038378 32 31 8<br>info@baltic-hills.de<br><a href=\"https:\/\/www.baltic-hills-golf.de\/\" target=\"_blank\" rel=\"noopener\">www.baltic-hills-golf.de<\/a><\/p><\/td>\n\t\t\n\t<\/tr>\n\t<tr>\n\t\t<td colspan=\"3\"><h2>GOLFCLUB BALMER SEE<\/h2><\/td>\n\t<\/tr>\n\t<tr>\n\t\t<td width=\"100%\" colspan=\"3\"><img decoding=\"async\" class=\"alignright\" src=\"https:\/\/www.inselliebe-usedom.com\/pl\/wp-content\/uploads\/2024\/06\/golfhotelbalmersee.jpg\" alt=\"\" style=\"width:300px;height:auto\"\/>Sp\u0119d\u017a wspania\u0142e wakacje golfowe i baw si\u0119 dobrze! Zielone \u0142\u0105ki, niepowtarzalny widok na Achterwasser, idealny 45-do\u0142kowy park golfowy &#8211; to niezapomniane wakacje w Balm.<\/p><p>Park golfowy Balmer See na wyspie Uznam z \u0142\u0105cznie 45 do\u0142kami to ekscytuj\u0105ce wyzwanie dla wszystkich graczy o ka\u017cdej porze roku.<\/p><p>Ciesz si\u0119 idealnymi wakacjami z golfem w najlepiej utrzymanym 45-do\u0142kowym parku golfowym, z kt\u00f3rych oba obejmuj\u0105 18-do\u0142kowe pola turniejowe i 9-do\u0142kowe pola golfowe kr\u00f3tkie pole golfowe na 120-hektarowym polu golfowym.<\/p><p>Jednocze\u015bnie zrelaksuj si\u0119 &#8211; odetchnij g\u0142\u0119boko i poczuj si\u0119 dobrze &#8211; hotel golfowy zaprasza Ci\u0119 do pozostawienia za sob\u0105 codzienno\u015bci w spa \u201eBalmer Seele\u201d o powierzchni 1400 m\u00b2 i po prostu cieszenia si\u0119 chwil\u0105. Dost\u0119pne s\u0105 liczne zabiegi koj\u0105ce, a tak\u017ce sauny, 20. tor w krytym basenie i staw k\u0105pielowy, w kt\u00f3rym mo\u017cna si\u0119 och\u0142odzi\u0107. Sp\u0119d\u017a czas w Pawilonie Azjatyckim i zrelaksuj si\u0119 wszystkimi zmys\u0142ami.<\/p><p><b><u>Dane kontaktowe<\/u><\/b><br>Tel. 038379 280<br>info@golfhotel-usedom.de<br><a href=\"https:\/\/www.golfhotel-usedom.de\/\" target=\"_blank\" rel=\"noopener\">www.golfhotel-usedom.de<\/a><\/p><\/td>\n\t\t\n\t<\/tr>\n        \n<\/table>\n","protected":false},"excerpt":{"rendered":"<p>Plusem struktury golfowej na Uznamie nie s\u0105 typowe kluby. Na wyspie Uznam nacisk po\u0142o\u017cony jest na golf jako dzia\u0142alno\u015b\u0107 turystyczn\u0105. Obecnie na wyspie znajduj\u0105 si\u0119 dwa pola golfowe, liczne pola do minigolfa oraz pole \u201eSwinGolf\u201d.<\/p>\n","protected":false},"author":1,"featured_media":966,"parent":348,"menu_order":1,"comment_status":"closed","ping_status":"closed","template":"","meta":{"om_disable_all_campaigns":false,"inline_featured_image":false,"_monsterinsights_skip_tracking":false,"_monsterinsights_sitenote_active":false,"_monsterinsights_sitenote_note":"","_monsterinsights_sitenote_category":0,"_uf_show_specific_survey":0,"_uf_disable_surveys":false,"footnotes":""},"class_list":["post-289","page","type-page","status-publish","has-post-thumbnail","hentry"],"aioseo_notices":[],"jetpack_sharing_enabled":true,"_links":{"self":[{"href":"https:\/\/www.inselliebe-usedom.com\/pl\/wp-json\/wp\/v2\/pages\/289","targetHints":{"allow":["GET"]}}],"collection":[{"href":"https:\/\/www.inselliebe-usedom.com\/pl\/wp-json\/wp\/v2\/pages"}],"about":[{"href":"https:\/\/www.inselliebe-usedom.com\/pl\/wp-json\/wp\/v2\/types\/page"}],"author":[{"embeddable":true,"href":"https:\/\/www.inselliebe-usedom.com\/pl\/wp-json\/wp\/v2\/users\/1"}],"replies":[{"embeddable":true,"href":"https:\/\/www.inselliebe-usedom.com\/pl\/wp-json\/wp\/v2\/comments?post=289"}],"version-history":[{"count":15,"href":"https:\/\/www.inselliebe-usedom.com\/pl\/wp-json\/wp\/v2\/pages\/289\/revisions"}],"predecessor-version":[{"id":1294,"href":"https:\/\/www.inselliebe-usedom.com\/pl\/wp-json\/wp\/v2\/pages\/289\/revisions\/1294"}],"up":[{"embeddable":true,"href":"https:\/\/www.inselliebe-usedom.com\/pl\/wp-json\/wp\/v2\/pages\/348"}],"wp:featuredmedia":[{"embeddable":true,"href":"https:\/\/www.inselliebe-usedom.com\/pl\/wp-json\/wp\/v2\/media\/966"}],"wp:attachment":[{"href":"https:\/\/www.inselliebe-usedom.com\/pl\/wp-json\/wp\/v2\/media?parent=289"}],"curies":[{"name":"wp","href":"https:\/\/api.w.org\/{rel}","templated":true}]}}