{"id":137,"date":"2018-07-02T14:09:20","date_gmt":"2018-07-02T14:09:20","guid":{"rendered":"https:\/\/themes.getmotopress.com\/mountainview\/?page_id=137"},"modified":"2025-03-26T17:17:52","modified_gmt":"2025-03-26T16:17:52","slug":"contact-us","status":"publish","type":"page","link":"https:\/\/www.inselliebe-usedom.com\/pl\/contact-us\/","title":{"rendered":"Kontakt"},"content":{"rendered":"<p><iframe loading=\"lazy\" class=\"alignleft\" style=\"border: 0;\" src=\"https:\/\/www.google.com\/maps\/embed?pb=!1m17!1m12!1m3!1d1175.4924537861255!2d14.075268139108486!3d53.8964721931135!2m3!1f0!2f0!3f0!3m2!1i1024!2i768!4f13.1!3m2!1m1!2zNTPCsDUzJzQ3LjMiTiAxNMKwMDQnMzUuNiJF!5e0!3m2!1sde!2ses!4v1718296511665!5m2!1sde!2ses\" width=\"400\" height=\"500\" frameborder=\"0\" allowfullscreen=\"allowfullscreen\"><\/iframe><strong>Lokalizacja<\/strong><\/p>\n<p>O\u015brodek wypoczynkowy Kachlin<br \/>\nThurbruchstra\u00dfe 28<br \/>\n17419 Dargen, Usedom<\/p>\n<p><strong>Informacje &#8211; Zapytania &#8211; Kontakt<\/strong><br \/>\nDST CAPITAL HOLDING GmbH<br \/>\nAm Kietz 28<br \/>\n15806 Zossen<\/p>\n<p><strong>+49 3377 3065797<\/strong>\u00a0\u00a0 Doradztwo &amp; Sprzeda\u017c<br \/>\n<strong>+49 3377 3065798<\/strong>\u00a0\u00a0 Fax<\/p>\n<p><strong>E-Mail<\/strong>\u00a0\u00a0 <a href=\"mailto:anfrage@inselliebe-usedom.com\">anfrage@inselliebe-usedom.com<\/a><\/p>\n<div class=\"clear\"><\/div>\n<h4>WNIOSEK O EKSPOZYCJ\u0118<\/h4>\n\n<div class=\"wpcf7 no-js\" id=\"wpcf7-f1207-o1\" lang=\"de-DE\" dir=\"ltr\" data-wpcf7-id=\"1207\">\n<div class=\"screen-reader-response\"><p role=\"status\" aria-live=\"polite\" aria-atomic=\"true\"><\/p> <ul><\/ul><\/div>\n<form action=\"\/pl\/wp-json\/wp\/v2\/pages\/137#wpcf7-f1207-o1\" method=\"post\" class=\"wpcf7-form init\" aria-label=\"Kontaktformular\" novalidate=\"novalidate\" data-status=\"init\">\n<div style=\"display: none;\">\n<input type=\"hidden\" name=\"_wpcf7\" value=\"1207\" \/>\n<input type=\"hidden\" name=\"_wpcf7_version\" value=\"6.0.6\" \/>\n<input type=\"hidden\" name=\"_wpcf7_locale\" value=\"de_DE\" \/>\n<input type=\"hidden\" name=\"_wpcf7_unit_tag\" value=\"wpcf7-f1207-o1\" \/>\n<input type=\"hidden\" name=\"_wpcf7_container_post\" value=\"0\" \/>\n<input type=\"hidden\" name=\"_wpcf7_posted_data_hash\" value=\"\" \/>\n<\/div>\n<div class=\"form-flat\">\n\t<p><span class=\"wpcf7-form-control-wrap\" data-name=\"customer-name\"><input size=\"40\" maxlength=\"400\" class=\"wpcf7-form-control wpcf7-text wpcf7-validates-as-required\" aria-required=\"true\" aria-invalid=\"false\" placeholder=\"Twoje imi\u0119 (Wymagane dane wej\u015bciowe)\" value=\"\" type=\"text\" name=\"customer-name\" \/><\/span>\n\t<\/p>\n\t<p><span class=\"wpcf7-form-control-wrap\" data-name=\"customer-phone\"><input size=\"40\" maxlength=\"400\" class=\"wpcf7-form-control wpcf7-tel wpcf7-validates-as-required wpcf7-text wpcf7-validates-as-tel\" aria-required=\"true\" aria-invalid=\"false\" placeholder=\"Tw\u00f3j numer telefonu (Wymagane dane wej\u015bciowe)\" value=\"\" type=\"tel\" name=\"customer-phone\" \/><\/span>\n\t<\/p>\n\t<p><span class=\"wpcf7-form-control-wrap\" data-name=\"customer-email\"><input size=\"40\" maxlength=\"400\" class=\"wpcf7-form-control wpcf7-email wpcf7-validates-as-required wpcf7-text wpcf7-validates-as-email\" aria-required=\"true\" aria-invalid=\"false\" placeholder=\"Tw\u00f3j E-Mail (Wymagane dane wej\u015bciowe)\" value=\"\" type=\"email\" name=\"customer-email\" \/><\/span>\n\t<\/p>\n\t<p>Kontrola spamu! Prosz\u0119 wpisa\u0107 nast\u0119puj\u0105ce litery: <input type=\"hidden\" name=\"_wpcf7_captcha_challenge_captcha-118\" value=\"74788371\" \/><img loading=\"lazy\" decoding=\"async\" class=\"wpcf7-form-control wpcf7-captchac wpcf7-captcha-captcha-118\" width=\"84\" height=\"28\" alt=\"captcha\" src=\"https:\/\/www.inselliebe-usedom.com\/pl\/wp-content\/uploads\/wpcf7_captcha\/74788371.png\" \/><br \/>\n<span class=\"wpcf7-form-control-wrap\" data-name=\"captcha-118\"><input size=\"4\" maxlength=\"4\" class=\"wpcf7-form-control wpcf7-captchar\" autocomplete=\"off\" aria-invalid=\"false\" value=\"\" type=\"text\" name=\"captcha-118\" \/><\/span>\n\t<\/p>\n\t<p><input class=\"wpcf7-form-control wpcf7-submit has-spinner button\" type=\"submit\" value=\"Popro\u015b o expos\u00e9\" \/>\n\t<\/p>\n<\/div><div class=\"wpcf7-response-output\" aria-hidden=\"true\"><\/div>\n<\/form>\n<\/div>\n\n","protected":false},"excerpt":{"rendered":"<p>Lokalizacja O\u015brodek wypoczynkowy Kachlin Thurbruchstra\u00dfe 28 17419 Dargen, Usedom Informacje &#8211; Zapytania &#8211; Kontakt DST CAPITAL HOLDING GmbH Am Kietz 28 15806 Zossen +49 3377 3065797\u00a0\u00a0 Doradztwo &amp; Sprzeda\u017c +49 3377 3065798\u00a0\u00a0 Fax E-Mail\u00a0\u00a0 anfrage@inselliebe-usedom.com WNIOSEK O EKSPOZYCJ\u0118<\/p>\n","protected":false},"author":1,"featured_media":0,"parent":0,"menu_order":0,"comment_status":"closed","ping_status":"closed","template":"","meta":{"om_disable_all_campaigns":false,"inline_featured_image":false,"_monsterinsights_skip_tracking":false,"_monsterinsights_sitenote_active":false,"_monsterinsights_sitenote_note":"","_monsterinsights_sitenote_category":0,"_uf_show_specific_survey":0,"_uf_disable_surveys":false,"footnotes":""},"class_list":["post-137","page","type-page","status-publish","hentry"],"aioseo_notices":[],"jetpack_sharing_enabled":true,"_links":{"self":[{"href":"https:\/\/www.inselliebe-usedom.com\/pl\/wp-json\/wp\/v2\/pages\/137","targetHints":{"allow":["GET"]}}],"collection":[{"href":"https:\/\/www.inselliebe-usedom.com\/pl\/wp-json\/wp\/v2\/pages"}],"about":[{"href":"https:\/\/www.inselliebe-usedom.com\/pl\/wp-json\/wp\/v2\/types\/page"}],"author":[{"embeddable":true,"href":"https:\/\/www.inselliebe-usedom.com\/pl\/wp-json\/wp\/v2\/users\/1"}],"replies":[{"embeddable":true,"href":"https:\/\/www.inselliebe-usedom.com\/pl\/wp-json\/wp\/v2\/comments?post=137"}],"version-history":[{"count":30,"href":"https:\/\/www.inselliebe-usedom.com\/pl\/wp-json\/wp\/v2\/pages\/137\/revisions"}],"predecessor-version":[{"id":1286,"href":"https:\/\/www.inselliebe-usedom.com\/pl\/wp-json\/wp\/v2\/pages\/137\/revisions\/1286"}],"wp:attachment":[{"href":"https:\/\/www.inselliebe-usedom.com\/pl\/wp-json\/wp\/v2\/media?parent=137"}],"curies":[{"name":"wp","href":"https:\/\/api.w.org\/{rel}","templated":true}]}}