{"id":1081,"date":"2024-07-02T00:01:13","date_gmt":"2024-07-01T22:01:13","guid":{"rendered":"https:\/\/www.inselliebe-usedom.com\/pl\/?page_id=1081"},"modified":"2025-03-27T19:37:06","modified_gmt":"2025-03-27T18:37:06","slug":"freizeitparks","status":"publish","type":"page","link":"https:\/\/www.inselliebe-usedom.com\/pl\/home\/aktivitaten\/freizeitparks\/","title":{"rendered":"Parki rozrywki"},"content":{"rendered":"<p>Parki rozrywki na Uznamie oferuj\u0105 r\u00f3\u017cnorodny program i stanowi\u0105 doskona\u0142\u0105 alternatyw\u0119 na z\u0142e warunki pogodowe podczas rodzinnych wakacji. Niezale\u017cnie od tego, czy chodzi o tory do kr\u0119gli, place zabaw, czy parki rodzinne \u2013 tutaj nigdy nie b\u0119dzie nudno.<\/p>\n<p><!--more wi\u0119cej--><\/p>\n<p>Z dala od zgie\u0142ku na pla\u017cy, czas sp\u0119dzony w parku mo\u017cna elastycznie dostosowa\u0107 do potrzeb rodziny. Mo\u017cna zorganizowa\u0107 posi\u0142ki we w\u0142asnym zakresie lub skorzysta\u0107 z restauracji w parku. Poniewa\u017c wiele rodzin sp\u0119dza wakacje w tych parkach, dzieci cz\u0119sto szybko znajduj\u0105 nowych przyjaci\u00f3\u0142, z kt\u00f3rymi mog\u0105 sp\u0119dza\u0107 czas. R\u00f3\u017cnorodne atrakcje dla dzieci pozwalaj\u0105 rodzicom znale\u017a\u0107 chwil\u0119 dla siebie.<\/p>\n\n\n<table border=\"0\" width=\"100%\" id=\"table1\">\n\t<tr>\n\t\t<td colspan=\"3\"><h2>Park rozrywki Karl&#8217;s w Koserow na wyspie Uznam<\/h2><\/td>\n\t<\/tr>\n\t<tr>\n\t\t<td width=\"100%\" colspan=\"3\"><img decoding=\"async\" class=\"alignright\" src=\"https:\/\/www.inselliebe-usedom.com\/pl\/wp-content\/uploads\/2024\/07\/karls_koserow.jpg\" alt=\"\" style=\"width:300px;height:auto\"\/>Karls Erlebnis-Dorf w Koserow na Uznamie znajduje si\u0119 zaledwie 20 minut jazdy samochodowej od Kachlin i jest doskona\u0142ym celem na rodzinn\u0105 wycieczk\u0119.<p>Park rozrywki usytuowany jest w malowniczej okolicy Koserow i oferuje wyj\u0105tkow\u0105 mieszank\u0119 rynku produkt\u00f3w rzemie\u015blniczych, parku rozrywki oraz do\u015bwiadcze\u0144 kulinarnych.<\/p><p>Rynek produkt\u00f3w rzemie\u015blniczych to prawdziwy raj dla mi\u0142o\u015bnik\u00f3w regionalnych wyrob\u00f3w. Odwiedzaj\u0105cy mog\u0105 tu odkrywa\u0107 \u015bwie\u017ce truskawki, r\u0119cznie robione przysmaki i wiele innych pyszno\u015bci. R\u00f3\u017cnorodno\u015b\u0107 jest ogromna, a dla ka\u017cdego znajdzie si\u0119 co\u015b pysznego. Dodatkowo, liczne stoiska degustacyjne zach\u0119caj\u0105 do pr\u00f3bowania smako\u0142yk\u00f3w na miejscu.<\/p><p>W parku rozrywki czekaj\u0105 na m\u0142odszych i starszych liczne przygody i atrakcje. Jednym z g\u0142\u00f3wnych punkt\u00f3w jest zje\u017cd\u017calnia w worku ziemniaczanym, z kt\u00f3rej zje\u017cd\u017ca si\u0119 w d\u00f3\u0142 wzg\u00f3rza \u2013 to prawdziwa atrakcja! Znajduje si\u0119 tam tak\u017ce du\u017ca zje\u017cd\u017calnia, karuzela i wiele innych atrakcji. Dzieci mog\u0105 szale\u0107 w strefach zabaw, a rodzice odpocz\u0105\u0107 w jednym z przytulnych restauracji w parku.<\/p><p>Dodatkow\u0105 atrakcj\u0105 jest mini zoo, gdzie odwiedzaj\u0105cy mog\u0105 obcowa\u0107 z zwierz\u0119tami. Dzieci maj\u0105 szans\u0119 nakarmi\u0107 i pog\u0142aska\u0107 zwierz\u0119ta, co jest doskona\u0142\u0105 okazj\u0105, by przybli\u017cy\u0107 im natur\u0119 i nauczy\u0107 zabawy z \u017cywymi istotami<\/p><p>Wizyta w Karls Erlebnis-Dorf w Koserow to gwarancja zabawy, rozrywki i kulinarnych przyjemno\u015bci. To miejsce, w kt\u00f3rym rodziny mog\u0105 si\u0119 zjednoczy\u0107, \u015bmia\u0107 si\u0119 wsp\u00f3lnie i tworzy\u0107 niezapomniane wspomnienia.<\/p><p><b><u>Dane kontaktowe<\/u><\/b><br>Karls Erlebnis-Dorf &#8211; Koserow<br>Zum Erlebnisdorf 1<br>17459 Koserow<br>Tel. 038375 245775<br><a href=\"https:\/\/karls.de\/koserow\/\" target=\"_blank\" rel=\"noopener\">https:\/\/karls.de\/koserow<\/a><\/p><\/td>\n\t\t\n\t<\/tr>\n\t<tr>\n\t\t<td colspan=\"3\"><h2>\u015acie\u017cka w koronach drzew Uznam<\/h2><\/td>\n\t<\/tr>\n\t<tr>\n\t\t<td width=\"100%\" colspan=\"3\"><img decoding=\"async\" class=\"alignright\" src=\"https:\/\/www.inselliebe-usedom.com\/pl\/wp-content\/uploads\/2024\/07\/baumwipfelpfad.jpg\" alt=\"\" style=\"width:300px;height:auto\"\/>Prze\u017cyj Uznam z nowej perspektywy.<\/p><p>Spaceruj\u0105c w\u015br\u00f3d buk\u00f3w, wdychaj\u0105c \u015bwie\u017ce le\u015bne powietrze, pozw\u00f3l s\u0142o\u0144cu muska\u0107 twoj\u0105 twarz i odkrywaj wysp\u0119 Uznam oraz Morze Ba\u0142tyckie z zupe\u0142nie nowej perspektywy \u2013 to wszystko oferuje \u015acie\u017cka w koronach drzew Uznam w uzdrowisku Heringsdorf, zaledwie 20 minut jazdy samochodowej od Kachlin<\/p><p>W\u0119druj po dostosowanej do os\u00f3b z ograniczon\u0105 mobilno\u015bci\u0105 \u015bcie\u017cce, kt\u00f3ra prowadzi a\u017c na 33-metrow\u0105 wie\u017c\u0119 widokow\u0105. Spacer po \u015bcie\u017cce w koronach drzew zajmuje oko\u0142o 1,5 do 2 godzin. Widok na wysp\u0119 z tej wysoko\u015bci zapiera dech w piersiach i budzi ch\u0119\u0107 dalszych odkry\u0107. Usedom jako druga co do wielko\u015bci wyspa Niemiec, z 1 900 godzinami s\u0142o\u0144ca rocznie, nale\u017cy do najja\u015bniejszych miejsc w kraju! Oczywi\u015bcie Usedom ma do zaoferowania nie tylko \u015bcie\u017ck\u0119 w koronach drzew i pla\u017ce Morza Ba\u0142tyckiego, ale tak\u017ce wiele innych atrakcji w parkach rozrywki.<\/p><p><b><u>Dane kontaktowe<\/u><\/b><br>Baumwipfelpfad Usedom<br>Am Bahnhof 12<br>17424 Ostseebad Heringsdorf<br>Tel. 038378 48820<br>info@baumwipfelpfad-usedom.de<br><a href=\"https:\/\/treetop-walks.com\/usedom\/\" target=\"_blank\" rel=\"noopener\">https:\/\/treetop-walks.com\/usedom<\/a><\/p><\/td>\n\t\t\n\t<\/tr>\n<tr>\n\t\t<td colspan=\"3\"><h2>KINDERLAND TRASSENHEIDE \u2013 PARK ROZRYWKI<\/h2><\/td>\n\t<\/tr>\n\t<tr>\n\t\t<td width=\"100%\" colspan=\"3\"><img decoding=\"async\" class=\"alignright\" src=\"https:\/\/www.inselliebe-usedom.com\/pl\/wp-content\/uploads\/2024\/07\/kinderland_trassenheide.jpg\" alt=\"\" style=\"width:300px;height:auto\"\/>Wulkan, super zje\u017cd\u017calnia, karuzela dla dzieci, straszna kabina, pojazdy na peda\u0142y, trampolina, przeja\u017cd\u017cka w stylu westernowym\u2026 \u015awiat rozrywki Kinderland Trassenheide oferuje ca\u0142\u0105 gam\u0119 zabawy i przyg\u00f3d dla ca\u0142ej rodziny<\/p><p>Wiele atrakcji szczeg\u00f3lnie ucieszy dzieci: kucyki, kt\u00f3re czekaj\u0105 na pieszczoty i mog\u0105 by\u0107 dosiadane, karuzela dla dzieci do swobodnego u\u017cytku, a tak\u017ce Daisine, czyli pojazd na torze wok\u00f3\u0142 stawu. Ponadto dost\u0119pne s\u0105 dmuchany zamek do skakania oraz trampolina, kt\u00f3re gwarantuj\u0105 mn\u00f3stwo rado\u015bci. W piaskownicy maluchy mog\u0105 kopa\u0107 w piasku z dostarczonymi zabawkami. Na specjalnie przygotowanej przestrzeni maluchy \u015bcigaj\u0105 si\u0119 na ma\u0142ych hulajnogach lub pojazdach typu go-kart, a na torze przeszk\u00f3d czekaj\u0105 kolejne wyzwania.<\/p><p>Jest jeszcze wiele innych rzeczy do odkrycia \u2013 ogromna kula do skakania o \u015brednicy 10&#215;16 metr\u00f3w, ekscytuj\u0105cy dom strach\u00f3w, super zje\u017cd\u017calnia, karuzela i wspinaczkowy wulkan.<\/p><p>Podczas gdy dzieci testuj\u0105 atrakcje, rodzice mog\u0105 zrelaksowa\u0107 si\u0119 w kawiarni ogrodowej lub odpocz\u0105\u0107 w le\u017caku. Kinderland jest otwarte codziennie od marca do pa\u017adziernika w godzinach 10:00-18:00.<\/p><p>W bezpo\u015bredniej blisko\u015bci Usedom-Park Kinderland znajduje si\u0119 Farma Motyli Trassenheide, kt\u00f3ra jest idealnym miejscem do odwiedzenia w ramach wsp\u00f3lnej wycieczki.<\/p><p>Z o\u015brodka wypoczynkowego Kachlin mo\u017cna dotrze\u0107 do Trassenheide samochodem w oko\u0142o 30 minut, w pobli\u017cu Zinnowitz.<\/p><p><b><u>Dane kontaktowe<\/u><\/b><br>Kinderland Trassenheide<br>Wiesenweg 1<br>17449 Trassenheide<br>usedom-Kinderland-info@web.de<br><a href=\"https:\/\/www.kinderland-trassenheide.de\/\" target=\"_blank\" rel=\"noopener\">https:\/\/www.kinderland-trassenheide.de<\/a><\/p><\/td>\n\t\t\n\t<\/tr>\n        \n<\/table>\n","protected":false},"excerpt":{"rendered":"<p>Parki rozrywki na Uznamie oferuj\u0105 r\u00f3\u017cnorodny program i stanowi\u0105 doskona\u0142\u0105 alternatyw\u0119 na z\u0142e warunki pogodowe podczas rodzinnych wakacji. Niezale\u017cnie od tego, czy chodzi o tory do kr\u0119gli, place zabaw, czy parki rodzinne \u2013 tutaj nigdy nie b\u0119dzie nudno.<\/p>\n","protected":false},"author":1,"featured_media":1086,"parent":348,"menu_order":6,"comment_status":"closed","ping_status":"closed","template":"template-page-no-sidebar.php","meta":{"om_disable_all_campaigns":false,"inline_featured_image":false,"_monsterinsights_skip_tracking":false,"_monsterinsights_sitenote_active":false,"_monsterinsights_sitenote_note":"","_monsterinsights_sitenote_category":0,"_uf_show_specific_survey":0,"_uf_disable_surveys":false,"footnotes":""},"class_list":["post-1081","page","type-page","status-publish","has-post-thumbnail","hentry"],"aioseo_notices":[],"jetpack_sharing_enabled":true,"_links":{"self":[{"href":"https:\/\/www.inselliebe-usedom.com\/pl\/wp-json\/wp\/v2\/pages\/1081","targetHints":{"allow":["GET"]}}],"collection":[{"href":"https:\/\/www.inselliebe-usedom.com\/pl\/wp-json\/wp\/v2\/pages"}],"about":[{"href":"https:\/\/www.inselliebe-usedom.com\/pl\/wp-json\/wp\/v2\/types\/page"}],"author":[{"embeddable":true,"href":"https:\/\/www.inselliebe-usedom.com\/pl\/wp-json\/wp\/v2\/users\/1"}],"replies":[{"embeddable":true,"href":"https:\/\/www.inselliebe-usedom.com\/pl\/wp-json\/wp\/v2\/comments?post=1081"}],"version-history":[{"count":20,"href":"https:\/\/www.inselliebe-usedom.com\/pl\/wp-json\/wp\/v2\/pages\/1081\/revisions"}],"predecessor-version":[{"id":1305,"href":"https:\/\/www.inselliebe-usedom.com\/pl\/wp-json\/wp\/v2\/pages\/1081\/revisions\/1305"}],"up":[{"embeddable":true,"href":"https:\/\/www.inselliebe-usedom.com\/pl\/wp-json\/wp\/v2\/pages\/348"}],"wp:featuredmedia":[{"embeddable":true,"href":"https:\/\/www.inselliebe-usedom.com\/pl\/wp-json\/wp\/v2\/media\/1086"}],"wp:attachment":[{"href":"https:\/\/www.inselliebe-usedom.com\/pl\/wp-json\/wp\/v2\/media?parent=1081"}],"curies":[{"name":"wp","href":"https:\/\/api.w.org\/{rel}","templated":true}]}}