{"id":1059,"date":"2024-07-01T23:13:39","date_gmt":"2024-07-01T21:13:39","guid":{"rendered":"https:\/\/www.inselliebe-usedom.com\/pl\/?page_id=1059"},"modified":"2025-03-27T18:46:21","modified_gmt":"2025-03-27T17:46:21","slug":"reiten_usedom","status":"publish","type":"page","link":"https:\/\/www.inselliebe-usedom.com\/pl\/home\/aktivitaten\/reiten_usedom\/","title":{"rendered":"Jazda konna na wyspie Uznam"},"content":{"rendered":"<p>Dla wszystkich, kt\u00f3rzy marz\u0105 o je\u017adzie konnej wzd\u0142u\u017c pla\u017cy, rozleg\u0142e pla\u017ce Uznamu oferuj\u0105 idealne warunki. Spokojna lokalizacja w Kachlinie jest doskona\u0142a do kr\u00f3tkich wycieczek i relaksuj\u0105cych przeja\u017cd\u017cek.<\/p>\n<p><!--more wi\u0119cej--><\/p>\n<h2>Urlop je\u017adziecki w Kachlinie<\/h2>\n<p><img loading=\"lazy\" decoding=\"async\" data-attachment-id=\"410\" data-permalink=\"https:\/\/www.inselliebe-usedom.com\/pl\/kachlin_anlage\/\" data-orig-file=\"https:\/\/www.inselliebe-usedom.com\/pl\/wp-content\/uploads\/2024\/05\/kachlin_anlage-e1715889130823.jpg\" data-orig-size=\"786,554\" data-comments-opened=\"1\" data-image-meta=\"{&quot;aperture&quot;:&quot;0&quot;,&quot;credit&quot;:&quot;&quot;,&quot;camera&quot;:&quot;&quot;,&quot;caption&quot;:&quot;&quot;,&quot;created_timestamp&quot;:&quot;0&quot;,&quot;copyright&quot;:&quot;&quot;,&quot;focal_length&quot;:&quot;0&quot;,&quot;iso&quot;:&quot;0&quot;,&quot;shutter_speed&quot;:&quot;0&quot;,&quot;title&quot;:&quot;&quot;,&quot;orientation&quot;:&quot;0&quot;}\" data-image-title=\"kachlin_anlage\" data-image-description=\"\" data-image-caption=\"\" data-medium-file=\"https:\/\/www.inselliebe-usedom.com\/pl\/wp-content\/uploads\/2024\/05\/kachlin_anlage-e1715889130823-300x211.jpg\" data-large-file=\"https:\/\/www.inselliebe-usedom.com\/pl\/wp-content\/uploads\/2024\/05\/kachlin_anlage-1024x480.jpg\" class=\"alignleft wp-image-410 size-medium\" src=\"https:\/\/www.inselliebe-usedom.com\/pl\/wp-content\/uploads\/2024\/07\/ponyreiten.jpg\" alt=\"\" width=\"350\" height=\"220\" \/>Zakres ofert na gospodarstwach je\u017adzieckich waha si\u0119 od ma\u0142ych, tradycyjnych rodzinnych farm po nowoczesne stadniny oferuj\u0105ce szeroki wachlarz us\u0142ug.<\/p>\n<p>Pobyt na gospodarstwie je\u017adzieckim to szczeg\u00f3lna atrakcja, zw\u0142aszcza dla rodzin, poniewa\u017c m\u0142odsze osoby mog\u0105 w pe\u0142ni cieszy\u0107 si\u0119 wakacjami je\u017adzieckimi nad Ba\u0142tykiem.<\/p>\n<p>W czasie wakacji masz mo\u017cliwo\u015b\u0107 nauki jazdy konnej, co dodatkowo wzbogaci ju\u017c i tak fantastyczne do\u015bwiadczenie, jakim jest jazda konna nad Ba\u0142tykiem. Na wielu farmach istnieje tak\u017ce mo\u017cliwo\u015b\u0107 przywiezienia w\u0142asnego konia.<\/p>\n<h2>Pla\u017ce je\u017adzieckie nad Ba\u0142tykiem<\/h2>\n<p><img loading=\"lazy\" decoding=\"async\" data-attachment-id=\"410\" data-permalink=\"https:\/\/www.inselliebe-usedom.com\/pl\/kachlin_anlage\/\" data-orig-file=\"https:\/\/www.inselliebe-usedom.com\/pl\/wp-content\/uploads\/2024\/05\/kachlin_anlage-e1715889130823.jpg\" data-orig-size=\"786,554\" data-comments-opened=\"1\" data-image-meta=\"{&quot;aperture&quot;:&quot;0&quot;,&quot;credit&quot;:&quot;&quot;,&quot;camera&quot;:&quot;&quot;,&quot;caption&quot;:&quot;&quot;,&quot;created_timestamp&quot;:&quot;0&quot;,&quot;copyright&quot;:&quot;&quot;,&quot;focal_length&quot;:&quot;0&quot;,&quot;iso&quot;:&quot;0&quot;,&quot;shutter_speed&quot;:&quot;0&quot;,&quot;title&quot;:&quot;&quot;,&quot;orientation&quot;:&quot;0&quot;}\" data-image-title=\"kachlin_anlage\" data-image-description=\"\" data-image-caption=\"\" data-medium-file=\"https:\/\/www.inselliebe-usedom.com\/pl\/wp-content\/uploads\/2024\/05\/kachlin_anlage-e1715889130823-300x211.jpg\" data-large-file=\"https:\/\/www.inselliebe-usedom.com\/pl\/wp-content\/uploads\/2024\/05\/kachlin_anlage-1024x480.jpg\" class=\"alignright wp-image-410 size-medium\" src=\"https:\/\/www.inselliebe-usedom.com\/pl\/wp-content\/uploads\/2024\/07\/ponyreiten2.jpg\" alt=\"\" width=\"350\" height=\"220\" \/>Wzd\u0142u\u017c niemieckiego wybrze\u017ca Ba\u0142tyku o d\u0142ugo\u015bci ponad 2000 km, jak r\u00f3wnie\u017c na ponad 6200 km dr\u00f3g je\u017adzieckich i w\u00f3zkowych, znajduje si\u0119 wiele mo\u017cliwo\u015bci, aby nie tylko je\u017adzi\u0107 po pla\u017cy. R\u00f3wnie\u017c z dala od pla\u017cy, przepi\u0119kne krajobrazy Meklemburgii-Pomorza Przedniego czekaj\u0105 na odkrycie z siod\u0142a.<\/p>\n<p>Pla\u017ce Uznamu, Dierhagen, Nienhagen oraz Zatoka Lubeka s\u0105 szczeg\u00f3lnie urokliwe do jazdy konnej nad morzem. S\u0105 jednak obszary pla\u017c, kt\u00f3re nigdy nie b\u0119d\u0105 dost\u0119pne dla je\u017ad\u017ac\u00f3w. Wyspa Fehmarn, Rugia, Zingst oraz trzy kurorty cesarskie Ahlbeck, Heringsdorf i Bansin s\u0105 niestety zabronione dla mi\u0142o\u015bnik\u00f3w jazdy konnej. Na p\u00f3\u0142wyspie Fischland jednak w niekt\u00f3rych miejscach jazda jest dozwolona.<\/p>\n<p>Niekt\u00f3re gospodarstwa je\u017adzieckie posiadaj\u0105 specjalne zezwolenia i mog\u0105 organizowa\u0107 jazd\u0119 w grupach pod nadzorem w wyznaczonych odcinkach wzd\u0142u\u017c pla\u017cy.<\/p>\n","protected":false},"excerpt":{"rendered":"<p>Dla wszystkich, kt\u00f3rzy marz\u0105 o je\u017adzie konnej wzd\u0142u\u017c pla\u017cy, rozleg\u0142e pla\u017ce Uznamu oferuj\u0105 idealne warunki. Spokojna lokalizacja w Kachlinie jest doskona\u0142a do kr\u00f3tkich wycieczek i relaksuj\u0105cych przeja\u017cd\u017cek.<\/p>\n","protected":false},"author":1,"featured_media":1052,"parent":348,"menu_order":4,"comment_status":"closed","ping_status":"closed","template":"","meta":{"om_disable_all_campaigns":false,"inline_featured_image":false,"_monsterinsights_skip_tracking":false,"_monsterinsights_sitenote_active":false,"_monsterinsights_sitenote_note":"","_monsterinsights_sitenote_category":0,"_uf_show_specific_survey":0,"_uf_disable_surveys":false,"footnotes":""},"class_list":["post-1059","page","type-page","status-publish","has-post-thumbnail","hentry"],"aioseo_notices":[],"jetpack_sharing_enabled":true,"_links":{"self":[{"href":"https:\/\/www.inselliebe-usedom.com\/pl\/wp-json\/wp\/v2\/pages\/1059","targetHints":{"allow":["GET"]}}],"collection":[{"href":"https:\/\/www.inselliebe-usedom.com\/pl\/wp-json\/wp\/v2\/pages"}],"about":[{"href":"https:\/\/www.inselliebe-usedom.com\/pl\/wp-json\/wp\/v2\/types\/page"}],"author":[{"embeddable":true,"href":"https:\/\/www.inselliebe-usedom.com\/pl\/wp-json\/wp\/v2\/users\/1"}],"replies":[{"embeddable":true,"href":"https:\/\/www.inselliebe-usedom.com\/pl\/wp-json\/wp\/v2\/comments?post=1059"}],"version-history":[{"count":11,"href":"https:\/\/www.inselliebe-usedom.com\/pl\/wp-json\/wp\/v2\/pages\/1059\/revisions"}],"predecessor-version":[{"id":1299,"href":"https:\/\/www.inselliebe-usedom.com\/pl\/wp-json\/wp\/v2\/pages\/1059\/revisions\/1299"}],"up":[{"embeddable":true,"href":"https:\/\/www.inselliebe-usedom.com\/pl\/wp-json\/wp\/v2\/pages\/348"}],"wp:featuredmedia":[{"embeddable":true,"href":"https:\/\/www.inselliebe-usedom.com\/pl\/wp-json\/wp\/v2\/media\/1052"}],"wp:attachment":[{"href":"https:\/\/www.inselliebe-usedom.com\/pl\/wp-json\/wp\/v2\/media?parent=1059"}],"curies":[{"name":"wp","href":"https:\/\/api.w.org\/{rel}","templated":true}]}}